{"id":2585,"date":"2024-07-31T08:22:19","date_gmt":"2024-07-31T08:22:19","guid":{"rendered":"https:\/\/gravirozas24.hu\/?page_id=2585"},"modified":"2024-08-08T13:37:58","modified_gmt":"2024-08-08T13:37:58","slug":"elallasi-jog","status":"publish","type":"page","link":"https:\/\/gravirozas24.hu\/de\/elallasi-jog\/","title":{"rendered":"El\u00e1ll\u00e1si jog"},"content":{"rendered":"<h2 class=\"wp-block-heading\">El\u00e1ll\u00e1s a megrendel\u00e9st\u0151l<\/h2>\n\n\n\n<p>A Fogyaszt\u00f3 \u00e9s a Szolg\u00e1ltat\u00f3 k\u00f6z\u00f6tti szerz\u0151d\u00e9sek r\u00e9szletes szab\u00e1lyair\u00f3l sz\u00f3l\u00f3 45\/2014. (II. 26.) Korm. rendelet (rendelet) alapj\u00e1n Term\u00e9k ad\u00e1sv\u00e9tele eset\u00e9n \u00fagynevezett el\u00e1ll\u00e1si jog, szolg\u00e1ltat\u00e1s ny\u00fajt\u00e1sa eset\u00e9n pedig felmond\u00e1si jog illeti meg a Fogyaszt\u00f3nak min\u0151s\u00fcl\u0151 \u00dcgyfelet a szerz\u0151d\u00e9s megk\u00f6t\u00e9s\u00e9t\u0151l a Term\u00e9k \u00e1tv\u00e9tel\u00e9ig b\u00e1rmikor, illetve a Term\u00e9k k\u00e9zhezv\u00e9tel\u00e9t\u0151l sz\u00e1m\u00edtott 14 (tizenn\u00e9gy) munkanapon bel\u00fcl.<\/p>\n\n\n\n<p>A Fogyaszt\u00f3 az el\u00e1ll\u00e1si, illetve a felmond\u00e1si jog\u00e1t az erre vonatkoz\u00f3 egy\u00e9rtelm\u0171 nyilatkozat \u00fatj\u00e1n gyakorolhatja. A Fogyaszt\u00f3 az el\u00e1ll\u00e1si vagy felmond\u00e1si jog\u00e1t a term\u00e9k ad\u00e1sv\u00e9tel\u00e9re ir\u00e1nyul\u00f3 szerz\u0151d\u00e9s eset\u00e9n a fogyaszt\u00f3, vagy az \u00e1ltala megjel\u00f6lt harmadik szem\u00e9ly \u00e1ltal \u00e1tvett term\u00e9k \u00e1tv\u00e9teli napj\u00e1t\u00f3l, szolg\u00e1ltat\u00e1s eset\u00e9ben a szerz\u0151d\u00e9s megk\u00f6t\u00e9s\u00e9nek napj\u00e1t\u00f3l sz\u00e1m\u00edtott tizenn\u00e9gy napon bel\u00fcl gyakorolhatja.<\/p>\n\n\n\n<p>Wenn der K\u00e4ufer, der ein Verbraucher im Sinne der obigen Definition ist, bis zu diesem Zeitpunkt keine Auftragsbest\u00e4tigung vom Verk\u00e4ufer erhalten hat, kann er sein Widerrufsrecht bis 14 Tage nach Erhalt der Best\u00e4tigung aus\u00fcben.<\/p>\n\n\n\n<p>Az el\u00e1ll\u00e1si jogot \u00e9s a felmond\u00e1si jogot hat\u00e1rid\u0151ben \u00e9rv\u00e9nyes\u00edtettnek kell tekinteni, ha a Fogyaszt\u00f3 nyilatkozat\u00e1t a fenti hat\u00e1rid\u0151 lej\u00e1rta el\u0151tt elk\u00fcldi.<\/p>\n\n\n\n<p>Ha a Fogyaszt\u00f3 \u00e9l az el\u00e1ll\u00e1si jog\u00e1val, k\u00f6teles a term\u00e9ket halad\u00e9ktalanul, de legk\u00e9s\u0151bb az el\u00e1ll\u00e1s k\u00f6zl\u00e9s\u00e9t\u0151l sz\u00e1m\u00edtott tizenn\u00e9gy napon bel\u00fcl visszak\u00fcldeni, illetve a Szolg\u00e1ltat\u00f3nak \u00e1tadni. A term\u00e9k visszak\u00fcld\u00e9s\u00e9nek k\u00f6zvetlen k\u00f6lts\u00e9ge a Fogyaszt\u00f3t terheli.<\/p>\n\n\n\n<p>A hat\u00e1rid\u0151 betartottnak min\u0151s\u00fcl, ha a Fogyaszt\u00f3 a 14 (tizenn\u00e9gy) napos hat\u00e1rid\u0151 letelte el\u0151tt elk\u00fcldi a term\u00e9ket. <\/p>\n\n\n\n<p>A Felek meg\u00e1llapodnak, illetve a Fogyaszt\u00f3 beleegyezik, hogy a Szolg\u00e1ltat\u00f3 a fenti el\u0151\u00edr\u00e1soknak megfelel\u0151en gyakorolt el\u00e1ll\u00e1s eset\u00e9n k\u00f6teles a Fogyaszt\u00f3 \u00e1ltal kifizetett \u00f6sszeget halad\u00e9ktalanul, de legk\u00e9s\u0151bb az el\u00e1ll\u00e1st k\u00f6vet\u0151 14 (tizenn\u00e9gy) napon bel\u00fcl visszat\u00e9r\u00edteni. Term\u00e9k ad\u00e1sv\u00e9tele eset\u00e9n a Szolg\u00e1ltat\u00f3 mindaddig visszatarthatja a V\u00e9tel\u00e1r visszafizet\u00e9s\u00e9t, am\u00edg a Fogyaszt\u00f3 a term\u00e9ket vissza nem szolg\u00e1ltatta vagy k\u00e9ts\u00e9get kiz\u00e1r\u00f3an nem igazolta, hogy az Szolg\u00e1ltat\u00f3 r\u00e9sz\u00e9re a bontatlan csomagol\u00e1s\u00fa, s\u00e9rtetlen Term\u00e9ket visszak\u00fcldte. A k\u00e9t lehet\u0151s\u00e9g k\u00f6z\u00fcl a kor\u00e1bbi id\u0151pontot kell figyelembe venni. A visszat\u00e9r\u00edt\u00e9s sor\u00e1n a Szolg\u00e1ltat\u00f3 a Fogyaszt\u00f3 fel\u00e9 kiz\u00e1r\u00f3lag a banki \u00e1tutal\u00e1sos fizet\u00e9si m\u00f3dot alkalmazza.<\/p>\n\n\n\n<h4 class=\"wp-block-heading\">A Fogyaszt\u00f3 nem gyakorolhatja az el\u00e1ll\u00e1si- \u00e9s felmond\u00e1si jogot<\/h4>\n\n\n\n<ul class=\"wp-block-list\">\n<li>a szolg\u00e1ltat\u00e1s ny\u00fajt\u00e1s\u00e1ra ir\u00e1nyul\u00f3 szerz\u0151d\u00e9s eset\u00e9ben a szolg\u00e1ltat\u00e1s eg\u00e9sz\u00e9nek teljes\u00edt\u00e9s\u00e9t k\u00f6vet\u0151en, ha a Szolg\u00e1ltat\u00f3 a teljes\u00edt\u00e9st a fogyaszt\u00f3 kifejezett, el\u0151zetes beleegyez\u00e9s\u00e9vel kezdte meg, \u00e9s a fogyaszt\u00f3 tudom\u00e1sul vette, hogy a szolg\u00e1ltat\u00e1s eg\u00e9sz\u00e9nek teljes\u00edt\u00e9s\u00e9t k\u00f6vet\u0151en felmond\u00e1si jog\u00e1t elvesz\u00edti<\/li>\n\n\n\n<li>olyan nem el\u0151re gy\u00e1rtott term\u00e9k eset\u00e9ben, amelyet a fogyaszt\u00f3 utas\u00edt\u00e1sa alapj\u00e1n vagy kifejezett k\u00e9r\u00e9s\u00e9re \u00e1ll\u00edtottak el\u0151, vagy olyan term\u00e9k eset\u00e9ben, amelyet egy\u00e9rtelm\u0171en a fogyaszt\u00f3 szem\u00e9ly\u00e9re szabtak<\/li>\n\n\n\n<li>olyan alkoholtartalm\u00fa ital tekintet\u00e9ben, amelynek t\u00e9nyleges \u00e9rt\u00e9ke a Szolg\u00e1ltat\u00f3 \u00e1ltal nem befoly\u00e1solhat\u00f3 m\u00f3don a piaci ingadoz\u00e1sokt\u00f3l f\u00fcgg, \u00e9s amelynek \u00e1r\u00e1r\u00f3l a felek az ad\u00e1sv\u00e9teli szerz\u0151d\u00e9s megk\u00f6t\u00e9sekor \u00e1llapodtak meg<\/li>\n<\/ul>\n\n\n\n<div style=\"height:100px\" aria-hidden=\"true\" class=\"wp-block-spacer\"><\/div>","protected":false},"excerpt":{"rendered":"<p>El\u00e1ll\u00e1s a megrendel\u00e9st\u0151l A Fogyaszt\u00f3 \u00e9s a Szolg\u00e1ltat\u00f3 k\u00f6z\u00f6tti szerz\u0151d\u00e9sek r\u00e9szletes szab\u00e1lyair\u00f3l sz\u00f3l\u00f3 45\/2014. (II. 26.) Korm. rendelet (rendelet) alapj\u00e1n Term\u00e9k ad\u00e1sv\u00e9tele eset\u00e9n \u00fagynevezett el\u00e1ll\u00e1si jog, szolg\u00e1ltat\u00e1s ny\u00fajt\u00e1sa eset\u00e9n pedig felmond\u00e1si jog illeti meg a Fogyaszt\u00f3nak min\u0151s\u00fcl\u0151 \u00dcgyfelet a szerz\u0151d\u00e9s megk\u00f6t\u00e9s\u00e9t\u0151l a Term\u00e9k \u00e1tv\u00e9tel\u00e9ig b\u00e1rmikor, illetve a Term\u00e9k k\u00e9zhezv\u00e9tel\u00e9t\u0151l sz\u00e1m\u00edtott 14 (tizenn\u00e9gy) munkanapon bel\u00fcl. A [&hellip;]<\/p>\n","protected":false},"author":3,"featured_media":0,"parent":0,"menu_order":0,"comment_status":"closed","ping_status":"closed","template":"","meta":{"footnotes":""},"class_list":["post-2585","page","type-page","status-publish","hentry"],"_links":{"self":[{"href":"https:\/\/gravirozas24.hu\/de\/wp-json\/wp\/v2\/pages\/2585","targetHints":{"allow":["GET"]}}],"collection":[{"href":"https:\/\/gravirozas24.hu\/de\/wp-json\/wp\/v2\/pages"}],"about":[{"href":"https:\/\/gravirozas24.hu\/de\/wp-json\/wp\/v2\/types\/page"}],"author":[{"embeddable":true,"href":"https:\/\/gravirozas24.hu\/de\/wp-json\/wp\/v2\/users\/3"}],"replies":[{"embeddable":true,"href":"https:\/\/gravirozas24.hu\/de\/wp-json\/wp\/v2\/comments?post=2585"}],"version-history":[{"count":3,"href":"https:\/\/gravirozas24.hu\/de\/wp-json\/wp\/v2\/pages\/2585\/revisions"}],"predecessor-version":[{"id":2792,"href":"https:\/\/gravirozas24.hu\/de\/wp-json\/wp\/v2\/pages\/2585\/revisions\/2792"}],"wp:attachment":[{"href":"https:\/\/gravirozas24.hu\/de\/wp-json\/wp\/v2\/media?parent=2585"}],"curies":[{"name":"wp","href":"https:\/\/api.w.org\/{rel}","templated":true}]}}