{"id":2646,"date":"2024-07-31T15:22:03","date_gmt":"2024-07-31T15:22:03","guid":{"rendered":"https:\/\/gravirozas24.hu\/?page_id=2646"},"modified":"2024-07-31T15:46:18","modified_gmt":"2024-07-31T15:46:18","slug":"rolam","status":"publish","type":"page","link":"https:\/\/gravirozas24.hu\/de\/rolam\/","title":{"rendered":"\u00dcber Mich"},"content":{"rendered":"<div data-elementor-type=\"wp-page\" data-elementor-id=\"2646\" class=\"elementor elementor-2646\" data-elementor-post-type=\"page\">\n\t\t\t\t<div class=\"elementor-element elementor-element-1b8baac e-flex e-con-boxed e-con e-parent\" data-id=\"1b8baac\" data-element_type=\"container\" data-e-type=\"container\" data-settings=\"{&quot;background_background&quot;:&quot;classic&quot;}\">\n\t\t\t\t\t<div class=\"e-con-inner\">\n\t\t\t\t\t<\/div>\n\t\t\t\t<\/div>\n\t\t<div class=\"elementor-element elementor-element-539caba e-flex e-con-boxed e-con e-parent\" data-id=\"539caba\" data-element_type=\"container\" data-e-type=\"container\" data-settings=\"{&quot;background_background&quot;:&quot;classic&quot;}\">\n\t\t\t\t\t<div class=\"e-con-inner\">\n\t\t<div class=\"elementor-element elementor-element-75ec70d e-con-full e-flex e-con e-child\" data-id=\"75ec70d\" data-element_type=\"container\" data-e-type=\"container\">\n\t\t\t\t<div class=\"elementor-element elementor-element-0e8944d elementor-widget elementor-widget-text-editor\" data-id=\"0e8944d\" data-element_type=\"widget\" data-e-type=\"widget\" data-widget_type=\"text-editor.default\">\n\t\t\t\t<div class=\"elementor-widget-container\">\n\t\t\t\t\t\t\t\t\t<p>Hallo, ich bin Attila Horv\u00e1th, Du siehst Dir meine Arbeiten an. Ich bin 1979 in Gy\u0151r geboren und habe hier meine Schuljahre abgeschlossen. Das Sandbestrahlen von Glas und Spiegeln habe ich 2009 gelernt. Im Jahre 2010 habe ich begonnen, mich verst\u00e4rkt mit 3D, also mit dem Tiefensandbestrahlen, zu besch\u00e4ftigen, das ich bis heute weiterentwickelt habe.<\/p>\t\t\t\t\t\t\t\t<\/div>\n\t\t\t\t<\/div>\n\t\t\t\t<div class=\"elementor-element elementor-element-14cc7ab elementor-widget-divider--view-line elementor-widget elementor-widget-divider\" data-id=\"14cc7ab\" data-element_type=\"widget\" data-e-type=\"widget\" data-widget_type=\"divider.default\">\n\t\t\t\t<div class=\"elementor-widget-container\">\n\t\t\t\t\t\t\t<div class=\"elementor-divider\">\n\t\t\t<span class=\"elementor-divider-separator\">\n\t\t\t\t\t\t<\/span>\n\t\t<\/div>\n\t\t\t\t\t\t<\/div>\n\t\t\t\t<\/div>\n\t\t\t\t<div class=\"elementor-element elementor-element-eabdd30 elementor-widget elementor-widget-heading\" data-id=\"eabdd30\" data-element_type=\"widget\" data-e-type=\"widget\" data-widget_type=\"heading.default\">\n\t\t\t\t<div class=\"elementor-widget-container\">\n\t\t\t\t\t<h2 class=\"elementor-heading-title elementor-size-default\">Wie habe ich den Drachen mit zwei H\u00e4nden \u201eerzwungen\u201d? Oder die Geburt des Drachen...<\/h2>\t\t\t\t<\/div>\n\t\t\t\t<\/div>\n\t\t\t\t<div class=\"elementor-element elementor-element-8ab4af3 elementor-widget elementor-widget-text-editor\" data-id=\"8ab4af3\" data-element_type=\"widget\" data-e-type=\"widget\" data-widget_type=\"text-editor.default\">\n\t\t\t\t<div class=\"elementor-widget-container\">\n\t\t\t\t\t\t\t\t\t<p>Wo beginnt die Geschichte meiner Sch\u00f6pfung?<\/p><p>Vielleicht habe ich dort mit der Frage des Selbstvertrauens angefangen. Stellen Dir vor, ich habe eine solche Krisenzeit durchgemacht, dass ich sowohl emotional als auch mental zusammengebrochen bin. Du liest es richtig, ich musste von einem so einem tiefen Punkt aus beginnen.<\/p><p>Mit der Hilfe meines Mentors kam ich schlie\u00dflich aus dieser Periode heraus. Ich habe mich auch f\u00fcr ihn entschieden. Und im Nachhinein war es eine der besten Entscheidungen meines Lebens. Ohne ihn w\u00e4re ich nicht da, wo ich jetzt bin.<\/p><p>Ich habe mit den \u00dcbungen begonnen, die f\u00fcr meine Entwicklung wesentlich sind. Dar\u00fcber hinaus habe ich mir seine positiven, sich selbst entwickelnden Audiomaterialien so oft angeh\u00f6rt, dass ich alles vollst\u00e4ndig erlebt habe. Du hast es richtig geh\u00f6rt, ich habe es schon mehrfach erlebt. Meine Gewohnheiten und mein ganzes Leben haben sich ver\u00e4ndert. Ich begann mich \u00fcber die Krisenzeit zu erheben.<\/p><p class=\" translation-block\">In einem der Audios hie\u00df es: \u201eBeginne jetzt mit dem, was Du hast und wo Du bist\u201c! Und das tat ich, und so entstand die erste Version dieses Drachen.<\/p>\t\t\t\t\t\t\t\t<\/div>\n\t\t\t\t<\/div>\n\t\t\t\t<\/div>\n\t\t\t\t\t<\/div>\n\t\t\t\t<\/div>\n\t\t<div class=\"elementor-element elementor-element-d9bcc78 e-flex e-con-boxed e-con e-parent\" data-id=\"d9bcc78\" data-element_type=\"container\" data-e-type=\"container\" data-settings=\"{&quot;background_background&quot;:&quot;classic&quot;}\">\n\t\t\t\t\t<div class=\"e-con-inner\">\n\t\t<div class=\"elementor-element elementor-element-c350945 e-con-full e-flex e-con e-child\" data-id=\"c350945\" data-element_type=\"container\" data-e-type=\"container\">\n\t\t\t\t<div class=\"elementor-element elementor-element-1617ba1 elementor-widget elementor-widget-text-editor\" data-id=\"1617ba1\" data-element_type=\"widget\" data-e-type=\"widget\" data-widget_type=\"text-editor.default\">\n\t\t\t\t<div class=\"elementor-widget-container\">\n\t\t\t\t\t\t\t\t\t<p>Also beschloss ich, dass ich eine Drachenzeichnung irgendwie in das Bearbeitungsprogramm integrieren m\u00f6chte. In einem Editierprogramm, das ich damals noch nicht einmal verstand! Und wenn Du fragst, warum ich mich f\u00fcr einen Drachen entschieden habe? Mir ist nie in den Sinn gekommen, warum. Ich glaube, es kam unbewusst.<\/p><p>Am Ende stellte ich fest, dass ich den ausgew\u00e4hlten Drachen f\u00fcr diesen Vorgang neu zeichnen musste. Stelle Dir vor, ich habe dazu vier A3-Bl\u00e4tter auf dem Fernseher ausgebreitet und von dort aus gezeichnet. Von dort aus ging der Drache zur Schablonenherstellung und schlie\u00dflich zum Glas \u00fcber.<\/p>\t\t\t\t\t\t\t\t<\/div>\n\t\t\t\t<\/div>\n\t\t\t\t<\/div>\n\t\t<div class=\"elementor-element elementor-element-f059099 e-con-full e-flex e-con e-child\" data-id=\"f059099\" data-element_type=\"container\" data-e-type=\"container\">\n\t\t\t\t<div class=\"elementor-element elementor-element-82fd17a elementor-widget elementor-widget-image\" data-id=\"82fd17a\" data-element_type=\"widget\" data-e-type=\"widget\" data-widget_type=\"image.default\">\n\t\t\t\t<div class=\"elementor-widget-container\">\n\t\t\t\t\t\t\t\t\t\t\t\t\t\t\t<img fetchpriority=\"high\" decoding=\"async\" width=\"800\" height=\"672\" src=\"https:\/\/gravirozas24.hu\/wp-content\/uploads\/2024\/07\/sarkany-szuletese-00.webp\" class=\"attachment-large size-large wp-image-2682\" alt=\"\" srcset=\"https:\/\/gravirozas24.hu\/wp-content\/uploads\/2024\/07\/sarkany-szuletese-00.webp 1000w, https:\/\/gravirozas24.hu\/wp-content\/uploads\/2024\/07\/sarkany-szuletese-00-300x252.webp 300w, https:\/\/gravirozas24.hu\/wp-content\/uploads\/2024\/07\/sarkany-szuletese-00-768x645.webp 768w, https:\/\/gravirozas24.hu\/wp-content\/uploads\/2024\/07\/sarkany-szuletese-00-600x504.webp 600w\" sizes=\"(max-width: 800px) 100vw, 800px\" \/>\t\t\t\t\t\t\t\t\t\t\t\t\t\t\t<\/div>\n\t\t\t\t<\/div>\n\t\t\t\t<\/div>\n\t\t\t\t\t<\/div>\n\t\t\t\t<\/div>\n\t\t<div class=\"elementor-element elementor-element-5b3495f e-flex e-con-boxed e-con e-parent\" data-id=\"5b3495f\" data-element_type=\"container\" data-e-type=\"container\" data-settings=\"{&quot;background_background&quot;:&quot;classic&quot;}\">\n\t\t\t\t\t<div class=\"e-con-inner\">\n\t\t<div class=\"elementor-element elementor-element-0b93cff e-con-full e-flex e-con e-child\" data-id=\"0b93cff\" data-element_type=\"container\" data-e-type=\"container\">\n\t\t\t\t<div class=\"elementor-element elementor-element-3f921ad elementor-widget elementor-widget-text-editor\" data-id=\"3f921ad\" data-element_type=\"widget\" data-e-type=\"widget\" data-widget_type=\"text-editor.default\">\n\t\t\t\t<div class=\"elementor-widget-container\">\n\t\t\t\t\t\t\t\t\t<p>Als ich meinem Mentor \u00fcber den Prozess meiner Arbeit erz\u00e4hlte und zeigte, war er schockiert und sagte: \u201eMein Gott... Attila, du hast den Drachen nicht nur im \u00fcbertragenen Sinne erzwungen, sondern auch wortw\u00f6rtlich!!!\u201c Und rate mal, mir wurde auch erst dann klar, was er sagte.<\/p><p>Symbolisch gesehen sind die Herausforderungen, denen wir im Leben gegen\u00fcberstehen, die \u201eDrachen\u201c, die erzwungen werden m\u00fcssen, wenn wir unsere Ziele erreichen wollen. Ich hingegen wollte etwas Monumentales f\u00fcr mich schaffen, mit dem ich alle meine bisherigen Werke \u00fcbertreffen wollte. Und wie Du siehst, hat es funktioniert.<\/p><p>Hast Du Dir \u00fcbrigens jemals gefragt, warum Du liest, was ich schreibe? Und welche \u201eDrachen\u201c Du im Leben im Leben erzwungen musst? Und glaube mir, dass der t\u00e4gliche Anblick eines Spiegel- oder Glasbildes, das ich mit echter Leidenschaft und positiven Energien bei Dir zu Hause geschaffen habe ... welchen Einfluss es auf das Erreichen Deiner eigenen Ziele haben w\u00fcrde??<\/p>\t\t\t\t\t\t\t\t<\/div>\n\t\t\t\t<\/div>\n\t\t\t\t<\/div>\n\t\t\t\t\t<\/div>\n\t\t\t\t<\/div>\n\t\t<div class=\"elementor-element elementor-element-3e58575 e-flex e-con-boxed e-con e-parent\" data-id=\"3e58575\" data-element_type=\"container\" data-e-type=\"container\" data-settings=\"{&quot;background_background&quot;:&quot;classic&quot;}\">\n\t\t\t\t\t<div class=\"e-con-inner\">\n\t\t<div class=\"elementor-element elementor-element-7a66267 e-con-full e-flex e-con e-child\" data-id=\"7a66267\" data-element_type=\"container\" data-e-type=\"container\">\n\t\t\t\t<div class=\"elementor-element elementor-element-1ff6120 elementor-widget elementor-widget-text-editor\" data-id=\"1ff6120\" data-element_type=\"widget\" data-e-type=\"widget\" data-widget_type=\"text-editor.default\">\n\t\t\t\t<div class=\"elementor-widget-container\">\n\t\t\t\t\t\t\t\t\t<p><strong>Attila Horv\u00e1th: Drache<\/strong><\/p><p class=\" translation-block\">8 mm sandgestrahltes Glas<br>83 x 115 cm<\/p>\t\t\t\t\t\t\t\t<\/div>\n\t\t\t\t<\/div>\n\t\t\t\t<\/div>\n\t\t<div class=\"elementor-element elementor-element-67a5f08 e-con-full e-flex e-con e-child\" data-id=\"67a5f08\" data-element_type=\"container\" data-e-type=\"container\">\n\t\t\t\t<div class=\"elementor-element elementor-element-57f9a2d elementor-widget elementor-widget-image\" data-id=\"57f9a2d\" data-element_type=\"widget\" data-e-type=\"widget\" data-widget_type=\"image.default\">\n\t\t\t\t<div class=\"elementor-widget-container\">\n\t\t\t\t\t\t\t\t\t\t\t\t\t\t\t<img decoding=\"async\" width=\"800\" height=\"533\" src=\"https:\/\/gravirozas24.hu\/wp-content\/uploads\/2024\/07\/sarkany-szuletese-09.webp\" class=\"attachment-large size-large wp-image-2695\" alt=\"\" srcset=\"https:\/\/gravirozas24.hu\/wp-content\/uploads\/2024\/07\/sarkany-szuletese-09.webp 800w, https:\/\/gravirozas24.hu\/wp-content\/uploads\/2024\/07\/sarkany-szuletese-09-300x200.webp 300w, https:\/\/gravirozas24.hu\/wp-content\/uploads\/2024\/07\/sarkany-szuletese-09-768x512.webp 768w, https:\/\/gravirozas24.hu\/wp-content\/uploads\/2024\/07\/sarkany-szuletese-09-600x400.webp 600w\" sizes=\"(max-width: 800px) 100vw, 800px\" \/>\t\t\t\t\t\t\t\t\t\t\t\t\t\t\t<\/div>\n\t\t\t\t<\/div>\n\t\t\t\t<\/div>\n\t\t\t\t\t<\/div>\n\t\t\t\t<\/div>\n\t\t<div class=\"elementor-element elementor-element-b84b936 e-flex e-con-boxed e-con e-parent\" data-id=\"b84b936\" data-element_type=\"container\" data-e-type=\"container\" data-settings=\"{&quot;background_background&quot;:&quot;classic&quot;}\">\n\t\t\t\t\t<div class=\"e-con-inner\">\n\t\t<div class=\"elementor-element elementor-element-a5af4e1 e-con-full e-flex e-con e-child\" data-id=\"a5af4e1\" data-element_type=\"container\" data-e-type=\"container\">\n\t\t\t\t<div class=\"elementor-element elementor-element-0a302cf elementor-widget elementor-widget-image\" data-id=\"0a302cf\" data-element_type=\"widget\" data-e-type=\"widget\" data-widget_type=\"image.default\">\n\t\t\t\t<div class=\"elementor-widget-container\">\n\t\t\t\t\t\t\t\t\t\t\t\t\t\t\t<img decoding=\"async\" width=\"705\" height=\"1000\" src=\"https:\/\/gravirozas24.hu\/wp-content\/uploads\/2024\/07\/sarkany-szuletese-11.webp\" class=\"attachment-large size-large wp-image-2697\" alt=\"\" srcset=\"https:\/\/gravirozas24.hu\/wp-content\/uploads\/2024\/07\/sarkany-szuletese-11.webp 705w, https:\/\/gravirozas24.hu\/wp-content\/uploads\/2024\/07\/sarkany-szuletese-11-212x300.webp 212w, https:\/\/gravirozas24.hu\/wp-content\/uploads\/2024\/07\/sarkany-szuletese-11-600x851.webp 600w\" sizes=\"(max-width: 705px) 100vw, 705px\" \/>\t\t\t\t\t\t\t\t\t\t\t\t\t\t\t<\/div>\n\t\t\t\t<\/div>\n\t\t\t\t<\/div>\n\t\t<div class=\"elementor-element elementor-element-500eb34 e-con-full e-flex e-con e-child\" data-id=\"500eb34\" data-element_type=\"container\" data-e-type=\"container\">\n\t\t\t\t<div class=\"elementor-element elementor-element-bfcedbf elementor-widget elementor-widget-image\" data-id=\"bfcedbf\" data-element_type=\"widget\" data-e-type=\"widget\" data-widget_type=\"image.default\">\n\t\t\t\t<div class=\"elementor-widget-container\">\n\t\t\t\t\t\t\t\t\t\t\t\t\t\t\t<img loading=\"lazy\" decoding=\"async\" width=\"705\" height=\"1000\" src=\"https:\/\/gravirozas24.hu\/wp-content\/uploads\/2024\/07\/sarkany-szuletese-10.webp\" class=\"attachment-large size-large wp-image-2696\" alt=\"\" srcset=\"https:\/\/gravirozas24.hu\/wp-content\/uploads\/2024\/07\/sarkany-szuletese-10.webp 705w, https:\/\/gravirozas24.hu\/wp-content\/uploads\/2024\/07\/sarkany-szuletese-10-212x300.webp 212w, https:\/\/gravirozas24.hu\/wp-content\/uploads\/2024\/07\/sarkany-szuletese-10-600x851.webp 600w\" sizes=\"(max-width: 705px) 100vw, 705px\" \/>\t\t\t\t\t\t\t\t\t\t\t\t\t\t\t<\/div>\n\t\t\t\t<\/div>\n\t\t\t\t<\/div>\n\t\t\t\t\t<\/div>\n\t\t\t\t<\/div>\n\t\t\t\t<\/div>","protected":false},"excerpt":{"rendered":"<p>Szia, Horv\u00e1th Attila vagyok, az \u00e9n munk\u00e1imat n\u00e9zed \u00e9ppen. 1979-ben sz\u00fclettem Gy\u0151rben, a tanulm\u00e1nyaimat is itt v\u00e9geztem. Az \u00fcveg \u00e9s t\u00fck\u00f6r homokf\u00fav\u00e1s\u00e1t 2009 ben ismertem meg. 2010-ben kezdtem el jobban foglalkozni a 3D-s, azaz m\u00e9lyhomokf\u00fav\u00e1ssal, amit a mai napig folyamatosan fejlesztek. Hogyan \u201eter\u00edtettem le\u201d k\u00e9t k\u00e9zzel a s\u00e1rk\u00e1nyt? Avagy a s\u00e1rk\u00e1ny sz\u00fclet\u00e9se\u2026 Hol kezd\u0151dik az [&hellip;]<\/p>\n","protected":false},"author":3,"featured_media":0,"parent":0,"menu_order":0,"comment_status":"closed","ping_status":"closed","template":"","meta":{"footnotes":""},"class_list":["post-2646","page","type-page","status-publish","hentry"],"_links":{"self":[{"href":"https:\/\/gravirozas24.hu\/de\/wp-json\/wp\/v2\/pages\/2646","targetHints":{"allow":["GET"]}}],"collection":[{"href":"https:\/\/gravirozas24.hu\/de\/wp-json\/wp\/v2\/pages"}],"about":[{"href":"https:\/\/gravirozas24.hu\/de\/wp-json\/wp\/v2\/types\/page"}],"author":[{"embeddable":true,"href":"https:\/\/gravirozas24.hu\/de\/wp-json\/wp\/v2\/users\/3"}],"replies":[{"embeddable":true,"href":"https:\/\/gravirozas24.hu\/de\/wp-json\/wp\/v2\/comments?post=2646"}],"version-history":[{"count":58,"href":"https:\/\/gravirozas24.hu\/de\/wp-json\/wp\/v2\/pages\/2646\/revisions"}],"predecessor-version":[{"id":2709,"href":"https:\/\/gravirozas24.hu\/de\/wp-json\/wp\/v2\/pages\/2646\/revisions\/2709"}],"wp:attachment":[{"href":"https:\/\/gravirozas24.hu\/de\/wp-json\/wp\/v2\/media?parent=2646"}],"curies":[{"name":"wp","href":"https:\/\/api.w.org\/{rel}","templated":true}]}}