{"id":2755,"date":"2024-08-06T09:18:50","date_gmt":"2024-08-06T09:18:50","guid":{"rendered":"https:\/\/gravirozas24.hu\/?page_id=2755"},"modified":"2025-01-25T08:03:07","modified_gmt":"2025-01-25T08:03:07","slug":"adatkezelesi-tajekoztato","status":"publish","type":"page","link":"https:\/\/gravirozas24.hu\/de\/adatkezelesi-tajekoztato\/","title":{"rendered":"Informationen zur Datenverwaltung"},"content":{"rendered":"<h2 class=\"wp-block-heading\" id=\"h-az-adatkezelesi-tajekoztato-celja\">Zweck dieses Datenschutzhinweises<\/h2>\n\n\n\n<p>Horv\u00e1th Attila,&nbsp;<strong>https:\/\/gravirozas24.hu<\/strong>&nbsp;domain n\u00e9ven el\u00e9rhet\u0151 weboldal\u00e1t, a tov\u00e1bbiakban mint&nbsp;<strong>weboldal<\/strong>Die Website von Attila Horv\u00e1th, verf\u00fcgbar unter dem Domainnamen https:\/\/gravirozas24.hu, im Folgenden Website genannt, erkennt den Inhalt dieses rechtlichen Hinweises als f\u00fcr sie verbindlich an. Sie verpflichtet sich, daf\u00fcr zu sorgen, dass die Verarbeitung von Daten im Zusammenhang mit ihrer T\u00e4tigkeit den in dieser Erkl\u00e4rung und in den geltenden nationalen Rechtsvorschriften und Rechtsakten der Europ\u00e4ischen Union festgelegten Anforderungen entspricht.<\/p>\n\n\n\n<p>Die Datenschutzerkl\u00e4rung f\u00fcr die Datenverarbeitung von Attila Horv\u00e1th ist laufend unter https:\/\/gravirozas24.hu\/adatkezelesi-tajekoztato\/ abrufbar.&nbsp;<a href=\"https:\/\/gravirozas24.hu\/adatkezelesi-tajekoztato\/\" target=\"_blank\" rel=\"noreferrer noopener\">https:\/\/gravirozas24.hu\/adatkezelesi-tajekoztato\/<\/a>&nbsp;c\u00edmen.<br>Attila Horv\u00e1th beh\u00e4lt sich das Recht vor, diese Richtlinie jederzeit zu \u00e4ndern und die betroffenen Personen rechtzeitig \u00fcber solche \u00c4nderungen zu informieren. Wenn Sie Fragen zu dieser Mitteilung haben, wenden Sie sich bitte an uns und unser Team wird Ihre Fragen beantworten.<\/p>\n\n\n\n<p><strong>Attila Horv\u00e1th<\/strong> verpflichtet sich, die personenbezogenen Daten seiner Kunden und Partner zu sch\u00fctzen, und legt gr\u00f6\u00dften Wert darauf, das Recht seiner Kunden auf informationelle Selbstbestimmung zu respektieren. Der Datenverantwortliche behandelt personenbezogene Daten vertraulich und trifft alle sicherheitstechnischen und organisatorischen Ma\u00dfnahmen, um die Sicherheit der Daten zu gew\u00e4hrleisten.<\/p>\n\n\n\n<p><strong>Attila Horv\u00e1th<\/strong> beschreibt im Folgenden seine Datenverwaltungspraktiken.<\/p>\n\n\n\n<p>Er verarbeitet die von Ihnen angegebenen personenbezogenen Daten:<\/p>\n\n\n\n<p class=\" translation-block\">Name:<strong>Horv\u00e1th Attila<br><\/strong>Anschrift:<strong>\u00a09027 Gy\u0151r, T\u00f6r\u00f6k u. 17.<br><\/strong>Steuernummer:\u00a0<strong>61945656-1-28<br><\/strong>Registrierungsnummer:\u00a0<strong><br><\/strong>Telefonnummer:\u00a0<strong>+36 20 912 8416<br><\/strong>E-mail:\u00a0<strong>horattila.gyor@gmail.com<\/strong><\/p>\n\n\n\n<p class=\" translation-block\">Registergericht: Komitatsgericht Gy\u0151r-Moson-Sopron des Komitats Gy\u0151r-Moson-Sopron - im Folgenden als \u201ef\u00fcr die Verarbeitung Verantwortlicher\u201c bezeichnet.<\/p>\n\n\n\n<p class=\" translation-block\">Bitte lesen Sie diesen Datenschutzhinweis (nachfolgend als \u201eHinweis\u201c bezeichnet) sorgf\u00e4ltig durch, der unsere Praktiken in Bezug auf die Verarbeitung Ihrer personenbezogenen Daten im Einklang mit der Allgemeinen Datenschutzverordnung (DSGVO, d. h. Verordnung 2016\/679 des Europ\u00e4ischen Parlaments und des Rates) beschreibt. Dieser Hinweis gilt f\u00fcr Personen, die die Dienste des f\u00fcr die Verarbeitung Verantwortlichen als Verbraucher in Anspruch nehmen (Sie). Er beschreibt, wie der f\u00fcr die Verarbeitung Verantwortliche Ihre personenbezogenen Daten erhebt, verwendet und in bestimmten F\u00e4llen an Dritte weitergibt, und informiert Sie \u00fcber Ihre Rechte als \u201ebetroffene Person\u201c in Bezug auf die Datenverarbeitung.<\/p>\n\n\n\n<p class=\" translation-block\">Der f\u00fcr die Verarbeitung Verantwortliche (Impressum) verpflichtet sich, die pers\u00f6nlichen Daten und die Privatsph\u00e4re der Besucher dieser Website zu sch\u00fctzen. Dieser Hinweis und die Datenschutzerkl\u00e4rung beziehen sich in erster Linie auf die Vertraulichkeit und den Schutz der personenbezogenen Daten von Kunden und Newsletter-Abonnenten \u00fcber das Internet, schlie\u00dfen aber auch Besucher der Website ein. Wir fassen zusammen, wie der Eigent\u00fcmer Informationen \u00fcber Sie sammeln und verwenden kann und wie diese verwendet werden k\u00f6nnen. Die Daten werden nicht an Unbefugte weitergegeben und in der in dieser Mitteilung dargelegten Weise verwendet.<\/p>\n\n\n\n<p>In bestimmten F\u00e4llen kann der Zweck der Verarbeitung in den Vertr\u00e4gen ge\u00e4ndert werden, vorbehaltlich der im Vertrag festgelegten Bedingungen.<\/p>\n\n\n\n<p>Dieser Hinweis gibt Ihnen wichtige Informationen \u00fcber den Schutz Ihrer personenbezogenen Daten und Ihre Rechte. Wenn der Nutzer diese Bedingungen nicht akzeptiert, hat er das Recht, die Nutzung der Website zu unterbrechen und das Surfen einzustellen, ohne pers\u00f6nliche Daten anzugeben.<\/p>\n\n\n\n<h2 class=\"wp-block-heading\" id=\"h-az-adatkezelo-felelossege-es-elerhetosege\">Verantwortlichkeit und Kontaktangaben des f\u00fcr die Verarbeitung Verantwortlichen<\/h2>\n\n\n\n<h3 class=\"wp-block-heading\">Informationen zur Datenverwaltung<\/h3>\n\n\n\n<p class=\" translation-block\">F\u00fcr die Zwecke der in dieser Mitteilung beschriebenen Datenverarbeitung ist der Name oder der Firmenname (im Folgenden \u201ef\u00fcr die Verarbeitung Verantwortlicher\u201c genannt) der f\u00fcr die Datenverarbeitung Verantwortliche.<\/p>\n\n\n\n<p class=\" translation-block\">Im Falle von Kommentaren, Fragen oder Beschwerden bez\u00fcglich unserer Datenschutzverfahren k\u00f6nnen Sie uns unter Attila Horv\u00e1th, 9027 Gy\u0151r, T\u00f6r\u00f6k u. 17 erreichen.<\/p>\n\n\n\n<figure class=\"wp-block-table\"><table class=\"has-fixed-layout\"><tbody><tr><td class=\" translation-block\">Verantwortlicher f\u00fcr die Datenverarbeitung<\/td><td><strong>Verantwortlichkeiten<\/strong><\/td><\/tr><tr><td><strong>Horv\u00e1th Attila,<\/strong>&nbsp;<strong>9027 Gy\u0151r, T\u00f6r\u00f6k u. 17.<\/strong><\/td><td>Alle Aktivit\u00e4ten<\/td><\/tr><\/tbody><\/table><\/figure>\n\n\n\n<p>ie haben die M\u00f6glichkeit, auf unsere Websites zuzugreifen, ohne personenbezogene Daten anzugeben. Sie m\u00fcssen jedoch die Cookie-Richtlinie f\u00fcr das Surfen und die Datenschutzrichtlinie f\u00fcr das Abonnieren unseres Newsletters akzeptieren. Personenbezogene Daten sind alle Informationen, die sich auf eine nat\u00fcrliche Person beziehen, die direkt oder indirekt durch Bezugnahme auf eine Identifikationsnummer oder auf Daten, die sich auf diese Nummer beziehen, identifiziert werden kann. Erhebt der Inhaber der Website Ihre personenbezogenen Daten, so erfolgt die Datenerhebung auf transparente und vertrauliche Weise.<\/p>\n\n\n\n<p>Ihre pers\u00f6nlichen Daten sind Informationen, die es uns erm\u00f6glichen, Sie zu identifizieren, wie z.B. Ihr Name, Vorname, Nationalit\u00e4t, Telefonnummer, Postanschrift, E-Mail-Adresse. Ihre pers\u00f6nlichen Daten werden vom Eigent\u00fcmer freiwillig erhoben, wenn Sie auf der Website surfen, wobei in jedem Fall die Informationen angegeben werden, die Sie angeben m\u00fcssen, um den Zweck zu erreichen. Wenn Sie diese Daten nicht angeben m\u00f6chten, k\u00f6nnen Sie auf bestimmte Funktionen und Dienste der Website nicht zugreifen. Die Erhebung von freiwilligen Daten dient dazu, die Bed\u00fcrfnisse der Nutzer zu verstehen und die Website und ihre Dienste zu verbessern.<\/p>\n\n\n\n<p>Der Eigent\u00fcmer ergreift alle Ma\u00dfnahmen, um sicherzustellen, dass die von ihm verarbeiteten personenbezogenen Daten richtig und aktuell sind.<\/p>\n\n\n\n<h3 class=\"wp-block-heading\">Die folgenden personenbezogenen Daten werden verarbeitet:<\/h3>\n\n\n\n<ul class=\"wp-block-list\">\n<li>Name, Vorname, Firmenname und Kontaktname (im Falle einer Firma)<\/li>\n\n\n\n<li>Anschrift des eingetragenen Sitzes (im Falle eines Unternehmens), Adresse, Postanschrift<\/li>\n\n\n\n<li>E-Mail Adresse<\/li>\n\n\n\n<li>Rufnummer<\/li>\n\n\n\n<li>Systeminformationen (IP-Adresse, Systemversion, Aufl\u00f6sung, Statistiken \u00fcber die auf der Website aufgerufenen Seiten, Browsing-Gewohnheiten, Verhaltensmuster)<\/li>\n<\/ul>\n\n\n\n<h3 class=\"wp-block-heading\" id=\"h-adatkezeles-idotartama\">Dauer der Datenverarbeitung:<\/h3>\n\n\n\n<ul class=\"wp-block-list\">\n<li>Bei Zustimmungen f\u00fcr Direktmarketing: bis zum Widerruf der Zustimmung des Nutzers<\/li>\n\n\n\n<li>4 Jahre ab dem letzten Einloggen f\u00fcr Direktmarketingdaten<\/li>\n\n\n\n<li>8 Jahre f\u00fcr Kaufdaten gem\u00e4\u00df \u00a7 169 (2) des Rechnungslegungsgesetzes (Rechnv. tv.)<\/li>\n<\/ul>\n\n\n\n<h3 class=\"wp-block-heading\" id=\"h-adattovabbitas-feltetelei\">Bedingungen f\u00fcr die Daten\u00fcbermittlung<\/h3>\n\n\n\n<p>Der f\u00fcr die Verarbeitung Verantwortliche kann die von ihm verarbeiteten Daten, soweit erforderlich, an von ihm benannte Personen und Unternehmen in den folgenden Bereichen \u00fcbermitteln:<\/p>\n\n\n\n<ul class=\"wp-block-list\">\n<li>Datenverarbeitung<\/li>\n\n\n\n<li>Juristische Vertretung<\/li>\n\n\n\n<li>Juristische Dienstleistungen<\/li>\n\n\n\n<li>Zustellung von Verfahren<\/li>\n\n\n\n<li>Buchhaltung<\/li>\n\n\n\n<li>Verwaltung von Schadensf\u00e4llen<\/li>\n\n\n\n<li>Vermarktung<\/li>\n\n\n\n<li>Rechnungsstellung<\/li>\n\n\n\n<li>Lieferung<\/li>\n<\/ul>\n\n\n\n<h3 class=\"wp-block-heading\" id=\"h-adatfeldolgozok\">An der Datenverarbeitung beteiligte Unternehmen, Personen<\/h3>\n\n\n\n<p class=\" translation-block\">Der Inhaber, Attila Horv\u00e1th, ist der Inhaber der Datenverarbeitung. Neben dem Inhaber sind weitere Unternehmen an der Verarbeitung und Speicherung der Daten der Vertragskunden beteiligt.<\/p>\n\n\n\n<h3 class=\"wp-block-heading\" id=\"h-mely-cegek-kapcsolodnak-az-adatkezeleshez\">Welche Unternehmen sind an der Datenverarbeitung beteiligt?<\/h3>\n\n\n\n<p>Die Unternehmen, die an der Datenverwaltung w\u00e4hrend der T\u00e4tigkeit des Eigent\u00fcmers beteiligt sind:<\/p>\n\n\n\n<ul class=\"wp-block-list\">\n<li class=\" translation-block\">Speicherdienstleister: MBLX Cloud Kft. Adresse: 6724 Szeged, \u0150sz utca 45. II\/7. Website: https:\/\/www.mobilxcloud.hu E-Mail: info@mobilxcloud.hu Steuernummer: 25422366-2-06 Unternehmensregisternummer: 06-09-022336<\/li>\n\n\n\n<li class=\" translation-block\">Google Inc.: 1600 Amphitheatre Parkway, Mountain View, CA 94043, USA, weitere Kontaktdaten, Mailsystem, Daten- und Dateispeicherung in der Cloud, Online-Dokumentenverwaltung und damit verbundene Dienste Google Drive, Google Docs, Google Search Console, Google Analytics, Google AdSense, Google AdWords, YouTube, Blogger, Chrome-Browser-Unterst\u00fctzung -Google-Datenschutzerkl\u00e4rung und Datenschutzgrunds\u00e4tze.<\/li>\n\n\n\n<li class=\" translation-block\">Meta Platforms Ireland Ltd.: 4 Grand Canal Square, Grand Canal Harbour, Dublin 2 Irland, Unterst\u00fctzung f\u00fcr Facebook, Instagram, Messenger und andere von Facebook angebotene Produkte und Funktionen \u2013 Datenschutzrichtlinie<\/li>\n\n\n\n<li class=\" translation-block\">Rechnungsstellung: KBOSS.hu Kft. 1031 Budapest, Z\u00e1hony utca 7\/C.<\/li>\n\n\n\n<li class=\" translation-block\">Newsletter-Service: MailerLite, Dublin, Erdgeschoss, 71, 2 Baggot Street Lower Datenschutzbestimmungen<\/li>\n\n\n\n<li>Bankk\u00e1rty\u00e1s fizet\u00e9s: Stripe, Inc. Dublin Ireland.\u00a0<a href=\"https:\/\/stripe.com\/en-hu\/privacy\" target=\"_blank\" rel=\"noreferrer noopener\">Informationen zur Datenverwaltung<\/a><\/li>\n<\/ul>\n\n\n\n<h3 class=\"wp-block-heading\" id=\"h-adattulajdonosi-jogok-es-jogervenyesites\">Rechte auf Dateneigentum und Durchsetzung<\/h3>\n\n\n\n<p class=\" translation-block\">Wenn Sie nicht m\u00f6chten, dass Ihre personenbezogenen Daten zum Zwecke der \u00dcbermittlung von kommerziellen Angeboten verwendet werden, haben Sie das Recht, dem ohne Angabe von Gr\u00fcnden zu widersprechen. Ihren Antrag auf L\u00f6schung m\u00fcssen Sie schriftlich an den f\u00fcr die Verarbeitung Verantwortlichen per E-Mail oder per Post an die im Impressum angegebenen Kontaktdaten richten.<\/p>\n\n\n\n<h3 class=\"wp-block-heading\" id=\"h-kiskoruak-es-korlatozottan-cselekvokepes-szemelyes-adatainak-vedelme\">Schutz der personenbezogenen Daten von Minderj\u00e4hrigen und Personen mit eingeschr\u00e4nkter Handlungsf\u00e4higkeit<\/h3>\n\n\n\n<p class=\" translation-block\">Der Internetauftritt von Attila Horv\u00e1th und die Inhalte seiner Pr\u00e4sentationen richten sich \u00fcberwiegend an Minderj\u00e4hrige unter 13 Jahren. Wir verarbeiten oder sammeln keine personenbezogenen Daten von Kindern unter 13 Jahren ohne die nachweisliche Zustimmung der Eltern oder Erziehungsberechtigten. Eltern oder Erziehungsberechtigte k\u00f6nnen die Freigabe oder L\u00f6schung von Informationen \u00fcber ein Kind verlangen. Wenn das Alter dem f\u00fcr die Verarbeitung Verantwortlichen im Laufe der Verarbeitung bekannt wird, k\u00f6nnen die Daten verwendet werden, um die Zustimmung der Eltern einzuholen<\/p>\n\n\n\n<p>Die Zustimmung eines gesetzlichen Vertreters ist erforderlich f\u00fcr die Erkl\u00e4rung eines entm\u00fcndigten Minderj\u00e4hrigen oder eines Minderj\u00e4hrigen mit eingeschr\u00e4nkter Handlungsf\u00e4higkeit, au\u00dfer f\u00fcr die Teile des Dienstes, die auf die Registrierung abzielen und keine besondere R\u00fccksichtnahme erfordern, die im Alltag massenhaft vorkommen.<\/p>\n\n\n\n<h2 class=\"wp-block-heading\" id=\"h-cookie-k-sutik-kezelese\">Cookie-Verwaltung (Cookies)<\/h2>\n\n\n\n<p>A<a href=\"https:\/\/gravirozas24.hu\/suti-tajekoztato\/\" target=\"_blank\" rel=\"noreferrer noopener\">&nbsp;Weitere Informationen dar\u00fcber, wie wir Cookies verwenden, finden Sie in unserem Cookie-Hinweis.&nbsp;<\/a>olvashat b\u0151vebben a s\u00fctik (cookie-k) kezel\u00e9s\u00e9r\u0151l.<\/p>\n\n\n\n<h3 class=\"wp-block-heading\" id=\"h-fogalmak\">Begriffe<\/h3>\n\n\n\n<ul class=\"wp-block-list\">\n<li class=\" translation-block\">Datenverarbeiter: eine nat\u00fcrliche oder juristische Person, Beh\u00f6rde, Einrichtung oder jede andere Stelle, die personenbezogene Daten im Auftrag des f\u00fcr die Verarbeitung Verantwortlichen verarbeitet<\/li>\n\n\n\n<li class=\" translation-block\">Datenverarbeitung: jeder mit oder ohne Hilfe automatisierter Verfahren ausgef\u00fchrte Vorgang oder jede Vorgangsreihe im Zusammenhang mit personenbezogenen Daten oder einer Reihe personenbezogener Daten wie das Erheben, das Erfassen, die Organisation, das Ordnen, die Strukturierung, die Speicherung, die Anpassung, die Ver\u00e4nderung, das Auslesen, das Abfragen, die Benutzung, die Weitergabe, die \u00dcbermittlung, die Verbreitung, die Bereitstellung auf andere Weise, der Abgleich, die Verkn\u00fcpfung, die Einschr\u00e4nkung, das L\u00f6schen oder die Vernichtung<\/li>\n\n\n\n<li class=\" translation-block\">\u00dcbermittlung: die Bereitstellung von personenbezogenen Daten, die von dem f\u00fcr die Verarbeitung Verantwortlichen verarbeitet werden, an Dritte<\/li>\n\n\n\n<li class=\" translation-block\">Verletzung der Datensicherheit: eine Verletzung der Sicherheit, die zur zuf\u00e4lligen oder unrechtm\u00e4\u00dfigen Zerst\u00f6rung, zum Verlust, zur Ver\u00e4nderung, zur unbefugten Weitergabe oder zum Zugriff auf \u00fcbermittelte, gespeicherte oder anderweitig verarbeitete personenbezogene Daten f\u00fchrt<\/li>\n\n\n\n<li class=\" translation-block\">AGB: die auf der Website ver\u00f6ffentlichten Allgemeinen Gesch\u00e4ftsbedingungen des f\u00fcr die Datenverarbeitung Verantwortlichen, in denen die Regeln f\u00fcr den Verkauf von Produkten und Dienstleistungen durch den f\u00fcr die Datenverarbeitung Verantwortlichen festgelegt sind<\/li>\n\n\n\n<li class=\" translation-block\">Identifizierbare nat\u00fcrliche Person: eine nat\u00fcrliche Person, die direkt oder indirekt mittels Zuordnung zu einem oder mehreren spezifischen Elementen identifiziert werden kann, die Ausdruck ihrer physischen, physiologischen, genetischen, psychischen, wirtschaftlichen, kulturellen oder sozialen Identit\u00e4t sind, wie z. B. Name, Kennnummer, Standortdaten, Online-Kennung<\/li>\n\n\n\n<li class=\" translation-block\">Empf\u00e4nger: eine nat\u00fcrliche oder juristische Person, Beh\u00f6rde, Einrichtung oder jede andere Stelle, der personenbezogene Daten \u00fcbermittelt werden, unabh\u00e4ngig davon, ob es sich um einen Dritten handelt oder nicht<\/li>\n\n\n\n<li class=\" translation-block\">Einwilligung der betroffenen Person: eine ohne Zwang, f\u00fcr den konkreten Fall, in Kenntnis der Sachlage und unmissverst\u00e4ndlich abgegebene Willensbekundung der betroffenen Person, mit der sie durch eine Erkl\u00e4rung oder eine Handlung, die eindeutig ihre Einwilligung zum Ausdruck bringt, ihr Einverst\u00e4ndnis mit der Verarbeitung der sie betreffenden personenbezogenen Daten erkl\u00e4rt<\/li>\n\n\n\n<li class=\" translation-block\">Betroffene Person: eine nat\u00fcrliche Person, die auf der Grundlage von Informationen identifiziert oder identifizierbar ist<\/li>\n\n\n\n<li class=\" translation-block\">Nutzer: Besucher der vom f\u00fcr die Datenverarbeitung Verantwortlichen betriebenen Websites, die \u00fcber die Website https:\/\/gravirozas24.hu\/ und andere dort angegebene Adressen zug\u00e4nglich sind<\/li>\n\n\n\n<li class=\" translation-block\">Dritter: eine nat\u00fcrliche oder juristische Person, Beh\u00f6rde, Einrichtung oder andere Stelle mit Ausnahme der betroffenen Person, des f\u00fcr die Verarbeitung Verantwortlichen, des Auftragsverarbeiters oder der Personen, die unter der unmittelbaren Verantwortung des f\u00fcr die Verarbeitung Verantwortlichen oder des Auftragsverarbeiters befugt sind, personenbezogene Daten zu verarbeiten<\/li>\n\n\n\n<li class=\" translation-block\">Dritter: eine nat\u00fcrliche oder juristische Person, Beh\u00f6rde, Einrichtung oder andere Stelle mit Ausnahme der betroffenen Person, des f\u00fcr die Verarbeitung Verantwortlichen, des Auftragsverarbeiters oder der Personen, die unter der unmittelbaren Verantwortung des f\u00fcr die Verarbeitung Verantwortlichen oder des Auftragsverarbeiters befugt sind, personenbezogene Daten zu verarbeiten<\/li>\n\n\n\n<li class=\" translation-block\">Partner\/Kunde: eine nat\u00fcrliche Person, die mit dem f\u00fcr die Datenverarbeitung Verantwortlichen keinen Vertrag \u00fcber den Verkauf eines Produkts oder die Erbringung einer Dienstleistung \u00fcber eine Website abschlie\u00dft<\/li>\n\n\n\n<li class=\" translation-block\">Registrierung: die Erfassung der pers\u00f6nlichen Daten des Nutzers der Website, wobei der Nutzer ein Nutzerkonto anlegt<\/li>\n\n\n\n<li class=\" translation-block\">Personenbezogene Daten: alle Informationen, die sich auf die betroffene Person beziehen<\/li>\n\n\n\n<li class=\" translation-block\">Dienstleistung: der Verkauf von Produkten und andere Dienstleistungen, die der f\u00fcr die Datenverarbeitung Verantwortliche seinen Kunden, Partnern und Nutzern auf der Website oder anderweitig anbietet, wie in den AGB beschrieben<\/li>\n\n\n\n<li class=\" translation-block\">Website: die vom f\u00fcr die Verarbeitung Verantwortlichen betriebenen und von Attila Horv\u00e1th aus zug\u00e4nglichen Websites und andere dort angegebene Adressen<\/li>\n<\/ul>\n\n\n\n<div style=\"height:60px\" aria-hidden=\"true\" class=\"wp-block-spacer\"><\/div>","protected":false},"excerpt":{"rendered":"<p>Az adatkezel\u00e9si t\u00e1j\u00e9koztat\u00f3 c\u00e9lja Horv\u00e1th Attila,&nbsp;https:\/\/gravirozas24.hu&nbsp;domain n\u00e9ven el\u00e9rhet\u0151 weboldal\u00e1t, a tov\u00e1bbiakban mint&nbsp;weboldal, mag\u00e1ra n\u00e9zve k\u00f6telez\u0151nek ismeri el jelen jogi k\u00f6zlem\u00e9ny tartalm\u00e1t. K\u00f6telezetts\u00e9get v\u00e1llal arra, hogy a tev\u00e9kenys\u00e9g\u00e9vel kapcsolatos minden adatkezel\u00e9s megfelel a jelen szab\u00e1lyzatban \u00e9s a hat\u00e1lyos nemzeti jogszab\u00e1lyokban, valamint az Eur\u00f3pai Uni\u00f3 jogi aktusaiban meghat\u00e1rozott elv\u00e1r\u00e1soknak. Horv\u00e1th Attila adatkezel\u00e9seivel kapcsolatosan felmer\u00fcl\u0151 adatv\u00e9delmi ir\u00e1nyelvek folyamatosan [&hellip;]<\/p>\n","protected":false},"author":3,"featured_media":0,"parent":0,"menu_order":0,"comment_status":"closed","ping_status":"closed","template":"","meta":{"footnotes":""},"class_list":["post-2755","page","type-page","status-publish","hentry"],"_links":{"self":[{"href":"https:\/\/gravirozas24.hu\/de\/wp-json\/wp\/v2\/pages\/2755","targetHints":{"allow":["GET"]}}],"collection":[{"href":"https:\/\/gravirozas24.hu\/de\/wp-json\/wp\/v2\/pages"}],"about":[{"href":"https:\/\/gravirozas24.hu\/de\/wp-json\/wp\/v2\/types\/page"}],"author":[{"embeddable":true,"href":"https:\/\/gravirozas24.hu\/de\/wp-json\/wp\/v2\/users\/3"}],"replies":[{"embeddable":true,"href":"https:\/\/gravirozas24.hu\/de\/wp-json\/wp\/v2\/comments?post=2755"}],"version-history":[{"count":5,"href":"https:\/\/gravirozas24.hu\/de\/wp-json\/wp\/v2\/pages\/2755\/revisions"}],"predecessor-version":[{"id":3783,"href":"https:\/\/gravirozas24.hu\/de\/wp-json\/wp\/v2\/pages\/2755\/revisions\/3783"}],"wp:attachment":[{"href":"https:\/\/gravirozas24.hu\/de\/wp-json\/wp\/v2\/media?parent=2755"}],"curies":[{"name":"wp","href":"https:\/\/api.w.org\/{rel}","templated":true}]}}