{"id":30,"date":"2024-02-13T08:30:51","date_gmt":"2024-02-13T08:30:51","guid":{"rendered":"https:\/\/gravirozas24.hu\/fiokom\/"},"modified":"2025-05-04T08:40:07","modified_gmt":"2025-05-04T08:40:07","slug":"fiokom","status":"publish","type":"page","link":"https:\/\/gravirozas24.hu\/de\/fiokom\/","title":{"rendered":"My account"},"content":{"rendered":"<div data-elementor-type=\"wp-page\" data-elementor-id=\"30\" class=\"elementor elementor-30\" data-elementor-post-type=\"page\">\n\t\t\t\t<div class=\"elementor-element elementor-element-b988847 e-flex e-con-boxed e-con e-parent\" data-id=\"b988847\" data-element_type=\"container\" data-e-type=\"container\" data-settings=\"{&quot;background_background&quot;:&quot;classic&quot;}\">\n\t\t\t\t\t<div class=\"e-con-inner\">\n\t\t\t\t<div class=\"elementor-element elementor-element-2f81243 elementor-widget elementor-widget-heading\" data-id=\"2f81243\" data-element_type=\"widget\" data-e-type=\"widget\" data-widget_type=\"heading.default\">\n\t\t\t\t<div class=\"elementor-widget-container\">\n\t\t\t\t\t<h2 class=\"elementor-heading-title elementor-size-default\">My account<\/h2>\t\t\t\t<\/div>\n\t\t\t\t<\/div>\n\t\t\t\t\t<\/div>\n\t\t\t\t<\/div>\n\t\t<div class=\"elementor-element elementor-element-a70f742 e-flex e-con-boxed e-con e-parent\" data-id=\"a70f742\" data-element_type=\"container\" data-e-type=\"container\" data-settings=\"{&quot;background_background&quot;:&quot;classic&quot;}\">\n\t\t\t\t\t<div class=\"e-con-inner\">\n\t\t<div class=\"elementor-element elementor-element-f0980fb e-con-full e-flex e-con e-child\" data-id=\"f0980fb\" data-element_type=\"container\" data-e-type=\"container\" data-settings=\"{&quot;background_background&quot;:&quot;classic&quot;}\">\n\t\t\t\t<div class=\"elementor-element elementor-element-525fb93 e-my-account-tabs-vertical elementor-widget elementor-widget-woocommerce-my-account\" data-id=\"525fb93\" data-element_type=\"widget\" data-e-type=\"widget\" data-settings=\"{&quot;customize_dashboard_check&quot;:&quot;yes&quot;}\" data-widget_type=\"woocommerce-my-account.default\">\n\t\t\t\t<div class=\"elementor-widget-container\">\n\t\t\t\t\t<div class=\"e-my-account-tab e-my-account-tab__\">\t\t\t<div class=\"woocommerce\"><\/div>\t\t<\/div>\n\t\t\t\t\t\t<\/div>\n\t\t\t\t<\/div>\n\t\t\t\t<\/div>\n\t\t\t\t\t<\/div>\n\t\t\t\t<\/div>\n\t\t\t\t<\/div>","protected":false},"excerpt":{"rendered":"<p>Vez\u00e9rl\u0151pult Rendel\u00e9sek C\u00edmek Fizet\u00e9si m\u00f3dok Fi\u00f3kadatok Kil\u00e9p\u00e9s \u00dcdv Horv\u00e1th Attila! (nem Horv\u00e1th Attila vagy? Kijelentkez\u00e9s) A fi\u00f3kban megtekinthet\u0151k a legut\u00f3bbi rendel\u00e9sek, m\u00f3dos\u00edthat\u00f3k a sz\u00e1ll\u00edt\u00e1si \u00e9s sz\u00e1ml\u00e1z\u00e1si c\u00edmek \u00e9s szerkeszthet\u0151 a jelsz\u00f3, valamint egy\u00e9b fi\u00f3k adatok.<\/p>","protected":false},"author":3,"featured_media":0,"parent":0,"menu_order":0,"comment_status":"closed","ping_status":"closed","template":"","meta":{"footnotes":""},"class_list":["post-30","page","type-page","status-publish","hentry"],"_links":{"self":[{"href":"https:\/\/gravirozas24.hu\/de\/wp-json\/wp\/v2\/pages\/30","targetHints":{"allow":["GET"]}}],"collection":[{"href":"https:\/\/gravirozas24.hu\/de\/wp-json\/wp\/v2\/pages"}],"about":[{"href":"https:\/\/gravirozas24.hu\/de\/wp-json\/wp\/v2\/types\/page"}],"author":[{"embeddable":true,"href":"https:\/\/gravirozas24.hu\/de\/wp-json\/wp\/v2\/users\/3"}],"replies":[{"embeddable":true,"href":"https:\/\/gravirozas24.hu\/de\/wp-json\/wp\/v2\/comments?post=30"}],"version-history":[{"count":152,"href":"https:\/\/gravirozas24.hu\/de\/wp-json\/wp\/v2\/pages\/30\/revisions"}],"predecessor-version":[{"id":4480,"href":"https:\/\/gravirozas24.hu\/de\/wp-json\/wp\/v2\/pages\/30\/revisions\/4480"}],"wp:attachment":[{"href":"https:\/\/gravirozas24.hu\/de\/wp-json\/wp\/v2\/media?parent=30"}],"curies":[{"name":"wp","href":"https:\/\/api.w.org\/{rel}","templated":true}]}}