{"id":3253,"date":"2024-10-07T09:06:43","date_gmt":"2024-10-07T09:06:43","guid":{"rendered":"https:\/\/gravirozas24.hu\/?post_type=product&#038;p=3253"},"modified":"2024-11-16T11:17:02","modified_gmt":"2024-11-16T11:17:02","slug":"whiskys-pohar-nyilas","status":"publish","type":"product","link":"https:\/\/gravirozas24.hu\/de\/produkt\/whiskys-pohar-nyilas\/","title":{"rendered":"Whiskys poh\u00e1r &#8211; Nyilas"},"content":{"rendered":"<p>Egyedi technol\u00f3gi\u00e1val k\u00e9sz\u00edtett m\u00e9lygrav\u00edrozott whiskys poh\u00e1r, amely nemcsak l\u00e1tv\u00e1nyban, hanem tapint\u00e1sra is egy 3D-s \u00e9lm\u00e9nyt ny\u00fajt.<\/p>\n<p>Ez a speci\u00e1lis grav\u00edroz\u00e1s \u00e9les kont\u00farokat \u00e9s homog\u00e9n fel\u00fcletet eredm\u00e9nyez.<\/p>\n<p><!-- notionvc: 7f4a2b53-ba64-4f61-b389-2a3ac32054d6 --><\/p>","protected":false},"excerpt":{"rendered":"<p>M\u00e9lygrav\u00edrozott poh\u00e1r a Nyilas csillagjegy k\u00e9p\u00e9vel (\u00c1tl\u00e1tsz\u00f3 poh\u00e1r \u00e9s m\u00e9ly matt\u00edtott \u00e1bra \u00e9s felirat)<\/p>","protected":false},"featured_media":3254,"comment_status":"closed","ping_status":"closed","template":"","meta":[],"product_brand":[],"product_cat":[76,26],"product_tag":[79],"class_list":{"0":"post-3253","1":"product","2":"type-product","3":"status-publish","4":"has-post-thumbnail","6":"product_cat-melygravirozott","7":"product_cat-whiskys-pohar","8":"product_tag-horoszkopos","10":"first","11":"instock","12":"shipping-taxable","13":"purchasable","14":"product-type-simple"},"_links":{"self":[{"href":"https:\/\/gravirozas24.hu\/de\/wp-json\/wp\/v2\/product\/3253","targetHints":{"allow":["GET"]}}],"collection":[{"href":"https:\/\/gravirozas24.hu\/de\/wp-json\/wp\/v2\/product"}],"about":[{"href":"https:\/\/gravirozas24.hu\/de\/wp-json\/wp\/v2\/types\/product"}],"replies":[{"embeddable":true,"href":"https:\/\/gravirozas24.hu\/de\/wp-json\/wp\/v2\/comments?post=3253"}],"version-history":[{"count":1,"href":"https:\/\/gravirozas24.hu\/de\/wp-json\/wp\/v2\/product\/3253\/revisions"}],"predecessor-version":[{"id":3255,"href":"https:\/\/gravirozas24.hu\/de\/wp-json\/wp\/v2\/product\/3253\/revisions\/3255"}],"wp:featuredmedia":[{"embeddable":true,"href":"https:\/\/gravirozas24.hu\/de\/wp-json\/wp\/v2\/media\/3254"}],"wp:attachment":[{"href":"https:\/\/gravirozas24.hu\/de\/wp-json\/wp\/v2\/media?parent=3253"}],"wp:term":[{"taxonomy":"product_brand","embeddable":true,"href":"https:\/\/gravirozas24.hu\/de\/wp-json\/wp\/v2\/product_brand?post=3253"},{"taxonomy":"product_cat","embeddable":true,"href":"https:\/\/gravirozas24.hu\/de\/wp-json\/wp\/v2\/product_cat?post=3253"},{"taxonomy":"product_tag","embeddable":true,"href":"https:\/\/gravirozas24.hu\/de\/wp-json\/wp\/v2\/product_tag?post=3253"}],"curies":[{"name":"wp","href":"https:\/\/api.w.org\/{rel}","templated":true}]}}