{"id":2608,"date":"2024-07-31T14:57:17","date_gmt":"2024-07-31T14:57:17","guid":{"rendered":"https:\/\/gravirozas24.hu\/?page_id=2608"},"modified":"2024-08-08T11:55:51","modified_gmt":"2024-08-08T11:55:51","slug":"impresszum","status":"publish","type":"page","link":"https:\/\/gravirozas24.hu\/en\/impresszum\/","title":{"rendered":"Imprint"},"content":{"rendered":"<h3 class=\"wp-block-heading\">\u00dczemeltet\u0151<\/h3>\n\n\n\n<p class=\" translation-block\">N\u00e9v:&nbsp;<strong>Horv\u00e1th Attila<br><\/strong>Sz\u00e9khely:<strong>&nbsp;9027 Gy\u0151r, T\u00f6r\u00f6k u. 17.<br><\/strong>Ad\u00f3sz\u00e1m:&nbsp;<strong>61945656-1-28<br><\/strong>Nyilv\u00e1ntart\u00e1si sz\u00e1m:&nbsp;<strong><br><\/strong>Telefonsz\u00e1m:&nbsp;<strong>+36 20 912 8416<br><\/strong>E-mail:&nbsp;<strong>horattila.gyor@gmail.com<\/strong><\/p>\n\n\n\n<h4 class=\"wp-block-heading\">Weboldal kezel\u00e9s<\/h4>\n\n\n\n<p>N\u00e9v:\u00a0<strong>Gergely Gy\u00f6rgy \u2013 D-kreat\u00edv webm\u0171hely<br><\/strong>Sz\u00e9khely:<strong>\u00a09024 Gy\u0151r, Ikva u.54.<br><\/strong>Ad\u00f3sz\u00e1m:\u00a0<strong>65993194-1-28<br><\/strong>Nyilv\u00e1ntart\u00e1si sz\u00e1m:\u00a0<strong>30512280<\/strong><strong><br><\/strong>Adatkezel\u00e9si sz\u00e1m:\u00a0<strong>NAIH-141272\/2018<br><\/strong>Telefonsz\u00e1m:\u00a0<strong>+ 36\u00a020 972 5573<br><\/strong>E-mail:\u00a0<strong>muhely@web.d-kreativ.hu<\/strong><\/p>\n\n\n\n<h4 class=\"wp-block-heading\">T\u00e1rhely szolg\u00e1ltat\u00f3<\/h4>\n\n\n\n<p>N\u00e9v:&nbsp;<strong>MBLX Cloud Kft.<\/strong><br>C\u00edm:&nbsp;<strong>6724 Szeged, \u0150sz utca 45. II\/7.<\/strong><br>Honlap:&nbsp;<strong>https:\/\/www.mobilxcloud.hu<\/strong><br>Email:&nbsp;<strong>info@mobilxcloud.hu<\/strong><br>Ad\u00f3sz\u00e1m:&nbsp;<strong>25422366-2-06<\/strong><br>C\u00e9gjegyz\u00e9ksz\u00e1m:&nbsp;<strong>06-09-022336<\/strong><\/p>","protected":false},"excerpt":{"rendered":"<p>\u00dczemeltet\u0151 N\u00e9v:\u00a0Horv\u00e1th AttilaSz\u00e9khely:\u00a09027 Gy\u0151r, T\u00f6r\u00f6k u. 17.Ad\u00f3sz\u00e1m:\u00a061945656-1-28Nyilv\u00e1ntart\u00e1si sz\u00e1m:\u00a0Telefonsz\u00e1m:\u00a0+36 20 912 8416E-mail:\u00a0horattila.gyor@gmail.com Weboldal kezel\u00e9s N\u00e9v:\u00a0Gergely Gy\u00f6rgy \u2013 D-kreat\u00edv webm\u0171helySz\u00e9khely:\u00a09024 Gy\u0151r, Ikva u.54.Ad\u00f3sz\u00e1m:\u00a065993194-1-28Nyilv\u00e1ntart\u00e1si sz\u00e1m:\u00a030512280Adatkezel\u00e9si sz\u00e1m:\u00a0NAIH-141272\/2018Telefonsz\u00e1m:\u00a0+ 36\u00a020 972 5573E-mail:\u00a0muhely@web.d-kreativ.hu T\u00e1rhely szolg\u00e1ltat\u00f3 N\u00e9v:&nbsp;MBLX Cloud Kft.C\u00edm:&nbsp;6724 Szeged, \u0150sz utca 45. II\/7.Honlap:&nbsp;https:\/\/www.mobilxcloud.huEmail:&nbsp;info@mobilxcloud.huAd\u00f3sz\u00e1m:&nbsp;25422366-2-06C\u00e9gjegyz\u00e9ksz\u00e1m:&nbsp;06-09-022336<\/p>","protected":false},"author":3,"featured_media":0,"parent":0,"menu_order":0,"comment_status":"closed","ping_status":"closed","template":"","meta":{"footnotes":""},"class_list":["post-2608","page","type-page","status-publish","hentry"],"_links":{"self":[{"href":"https:\/\/gravirozas24.hu\/en\/wp-json\/wp\/v2\/pages\/2608","targetHints":{"allow":["GET"]}}],"collection":[{"href":"https:\/\/gravirozas24.hu\/en\/wp-json\/wp\/v2\/pages"}],"about":[{"href":"https:\/\/gravirozas24.hu\/en\/wp-json\/wp\/v2\/types\/page"}],"author":[{"embeddable":true,"href":"https:\/\/gravirozas24.hu\/en\/wp-json\/wp\/v2\/users\/3"}],"replies":[{"embeddable":true,"href":"https:\/\/gravirozas24.hu\/en\/wp-json\/wp\/v2\/comments?post=2608"}],"version-history":[{"count":3,"href":"https:\/\/gravirozas24.hu\/en\/wp-json\/wp\/v2\/pages\/2608\/revisions"}],"predecessor-version":[{"id":2787,"href":"https:\/\/gravirozas24.hu\/en\/wp-json\/wp\/v2\/pages\/2608\/revisions\/2787"}],"wp:attachment":[{"href":"https:\/\/gravirozas24.hu\/en\/wp-json\/wp\/v2\/media?parent=2608"}],"curies":[{"name":"wp","href":"https:\/\/api.w.org\/{rel}","templated":true}]}}