{"id":2797,"date":"2024-08-09T07:46:05","date_gmt":"2024-08-09T07:46:05","guid":{"rendered":"https:\/\/gravirozas24.hu\/?page_id=2797"},"modified":"2024-08-09T10:02:10","modified_gmt":"2024-08-09T10:02:10","slug":"blog","status":"publish","type":"page","link":"https:\/\/gravirozas24.hu\/en\/blog\/","title":{"rendered":"Blog"},"content":{"rendered":"<div data-elementor-type=\"wp-page\" data-elementor-id=\"2797\" class=\"elementor elementor-2797\" data-elementor-post-type=\"page\">\n\t\t\t\t<div class=\"elementor-element elementor-element-8a161cf e-flex e-con-boxed e-con e-parent\" data-id=\"8a161cf\" data-element_type=\"container\" data-e-type=\"container\" data-settings=\"{&quot;background_background&quot;:&quot;classic&quot;}\">\n\t\t\t\t\t<div class=\"e-con-inner\">\n\t\t\t\t\t<\/div>\n\t\t\t\t<\/div>\n\t\t<div class=\"elementor-element elementor-element-33bb852 e-flex e-con-boxed e-con e-parent\" data-id=\"33bb852\" data-element_type=\"container\" data-e-type=\"container\">\n\t\t\t\t\t<div class=\"e-con-inner\">\n\t\t\t\t<div class=\"elementor-element elementor-element-a0d8d2e elementor-grid-3 elementor-grid-tablet-2 elementor-grid-mobile-1 elementor-posts--thumbnail-top elementor-posts__hover-gradient elementor-widget elementor-widget-posts\" data-id=\"a0d8d2e\" data-element_type=\"widget\" data-e-type=\"widget\" data-settings=\"{&quot;cards_columns&quot;:&quot;3&quot;,&quot;cards_columns_tablet&quot;:&quot;2&quot;,&quot;cards_columns_mobile&quot;:&quot;1&quot;,&quot;cards_row_gap&quot;:{&quot;unit&quot;:&quot;px&quot;,&quot;size&quot;:35,&quot;sizes&quot;:[]},&quot;cards_row_gap_tablet&quot;:{&quot;unit&quot;:&quot;px&quot;,&quot;size&quot;:&quot;&quot;,&quot;sizes&quot;:[]},&quot;cards_row_gap_mobile&quot;:{&quot;unit&quot;:&quot;px&quot;,&quot;size&quot;:&quot;&quot;,&quot;sizes&quot;:[]}}\" data-widget_type=\"posts.cards\">\n\t\t\t\t<div class=\"elementor-widget-container\">\n\t\t\t\t\t\t\t<div class=\"elementor-posts-container elementor-posts elementor-posts--skin-cards elementor-grid\" role=\"list\">\n\t\t\t\t<article class=\"elementor-post elementor-grid-item post-6417 post type-post status-publish format-standard has-post-thumbnail hentry category-hirek\" role=\"listitem\">\n\t\t\t<div class=\"elementor-post__card\">\n\t\t\t\t<a class=\"elementor-post__thumbnail__link\" href=\"https:\/\/gravirozas24.hu\/en\/a-homokfuvas-es-a-lezer-egyuttes-ereje-a-gravirozas-jovoje-a-kezeimben\/\" tabindex=\"-1\" ><div class=\"elementor-post__thumbnail\"><img fetchpriority=\"high\" decoding=\"async\" width=\"300\" height=\"300\" src=\"https:\/\/gravirozas24.hu\/wp-content\/uploads\/2025\/10\/kiemelt-cimer-300x300.webp\" class=\"attachment-medium size-medium wp-image-6429\" alt=\"\" srcset=\"https:\/\/gravirozas24.hu\/wp-content\/uploads\/2025\/10\/kiemelt-cimer-300x300.webp 300w, https:\/\/gravirozas24.hu\/wp-content\/uploads\/2025\/10\/kiemelt-cimer-150x150.webp 150w, https:\/\/gravirozas24.hu\/wp-content\/uploads\/2025\/10\/kiemelt-cimer-768x768.webp 768w, https:\/\/gravirozas24.hu\/wp-content\/uploads\/2025\/10\/kiemelt-cimer-12x12.webp 12w, https:\/\/gravirozas24.hu\/wp-content\/uploads\/2025\/10\/kiemelt-cimer-600x600.webp 600w, https:\/\/gravirozas24.hu\/wp-content\/uploads\/2025\/10\/kiemelt-cimer-100x100.webp 100w, https:\/\/gravirozas24.hu\/wp-content\/uploads\/2025\/10\/kiemelt-cimer.webp 1024w\" sizes=\"(max-width: 300px) 100vw, 300px\" \/><\/div><\/a>\n\t\t\t\t<div class=\"elementor-post__text\">\n\t\t\t\t<h3 class=\"elementor-post__title\">\n\t\t\t<a href=\"https:\/\/gravirozas24.hu\/en\/a-homokfuvas-es-a-lezer-egyuttes-ereje-a-gravirozas-jovoje-a-kezeimben\/\" >\n\t\t\t\tA homokf\u00fav\u00e1s \u00e9s a l\u00e9zer egy\u00fcttes ereje: A grav\u00edroz\u00e1s j\u00f6v\u0151je a kezeimben\t\t\t<\/a>\n\t\t<\/h3>\n\t\t\t\t<div class=\"elementor-post__excerpt\">\n\t\t\t<p>Egy v\u00e1llalkoz\u00f3 \u00e9let\u00e9ben ritk\u00e1n j\u00f6n el az a pillanat, amikor a technol\u00f3gia ir\u00e1nti elhivatotts\u00e1g \u00e9s a min\u0151s\u00e9g ir\u00e1nti elk\u00f6telezetts\u00e9g metsz\u00e9spontj\u00e1ban egy igaz\u00e1n nagy d\u00f6nt\u00e9st hoz. Sz\u00e1momra ez a pillanat most \u00e9rkezett el.<\/p>\n\t\t<\/div>\n\t\t\n\t\t<a class=\"elementor-post__read-more\" href=\"https:\/\/gravirozas24.hu\/en\/a-homokfuvas-es-a-lezer-egyuttes-ereje-a-gravirozas-jovoje-a-kezeimben\/\" aria-label=\"Read more about A homokf\u00fav\u00e1s \u00e9s a l\u00e9zer egy\u00fcttes ereje: A grav\u00edroz\u00e1s j\u00f6v\u0151je a kezeimben\" tabindex=\"-1\" >\n\t\t\tElolvasom \u00bb\t\t<\/a>\n\n\t\t\t\t<\/div>\n\t\t\t\t\t<\/div>\n\t\t<\/article>\n\t\t\t\t<article class=\"elementor-post elementor-grid-item post-2806 post type-post status-publish format-standard has-post-thumbnail hentry category-hirek\" role=\"listitem\">\n\t\t\t<div class=\"elementor-post__card\">\n\t\t\t\t<a class=\"elementor-post__thumbnail__link\" href=\"https:\/\/gravirozas24.hu\/en\/lezergravirozas-vs-3d-homokfuvas\/\" tabindex=\"-1\" ><div class=\"elementor-post__thumbnail\"><img decoding=\"async\" width=\"300\" height=\"300\" src=\"https:\/\/gravirozas24.hu\/wp-content\/uploads\/2024\/08\/472039410_120212665765850317_3911660565353238969_n-300x300.jpg\" class=\"attachment-medium size-medium wp-image-3758\" alt=\"\" srcset=\"https:\/\/gravirozas24.hu\/wp-content\/uploads\/2024\/08\/472039410_120212665765850317_3911660565353238969_n-300x300.jpg 300w, https:\/\/gravirozas24.hu\/wp-content\/uploads\/2024\/08\/472039410_120212665765850317_3911660565353238969_n-150x150.jpg 150w, https:\/\/gravirozas24.hu\/wp-content\/uploads\/2024\/08\/472039410_120212665765850317_3911660565353238969_n-768x768.jpg 768w, https:\/\/gravirozas24.hu\/wp-content\/uploads\/2024\/08\/472039410_120212665765850317_3911660565353238969_n-12x12.jpg 12w, https:\/\/gravirozas24.hu\/wp-content\/uploads\/2024\/08\/472039410_120212665765850317_3911660565353238969_n-600x600.jpg 600w, https:\/\/gravirozas24.hu\/wp-content\/uploads\/2024\/08\/472039410_120212665765850317_3911660565353238969_n-100x100.jpg 100w, https:\/\/gravirozas24.hu\/wp-content\/uploads\/2024\/08\/472039410_120212665765850317_3911660565353238969_n.jpg 1019w\" sizes=\"(max-width: 300px) 100vw, 300px\" \/><\/div><\/a>\n\t\t\t\t<div class=\"elementor-post__text\">\n\t\t\t\t<h3 class=\"elementor-post__title\">\n\t\t\t<a href=\"https:\/\/gravirozas24.hu\/en\/lezergravirozas-vs-3d-homokfuvas\/\" >\n\t\t\t\tL\u00e9zergrav\u00edroz\u00e1s vs. 3D homokf\u00fav\u00e1s\t\t\t<\/a>\n\t\t<\/h3>\n\t\t\t\t<div class=\"elementor-post__excerpt\">\n\t\t\t<p>Ha egyedi aj\u00e1nd\u00e9k, akkor sokaknak egyb\u0151l a l\u00e9zergrav\u00edroz\u00e1s ugrik be. Sokan viszont nem is tudj\u00e1k, hogy homokf\u00fav\u00e1ssal is lehet hasonl\u00f3, s\u0151t sok esetben szebb dolgokat k\u00e9sz\u00edteni. <\/p>\n\t\t<\/div>\n\t\t\n\t\t<a class=\"elementor-post__read-more\" href=\"https:\/\/gravirozas24.hu\/en\/lezergravirozas-vs-3d-homokfuvas\/\" aria-label=\"Read more about L\u00e9zergrav\u00edroz\u00e1s vs. 3D homokf\u00fav\u00e1s\" tabindex=\"-1\" >\n\t\t\tElolvasom \u00bb\t\t<\/a>\n\n\t\t\t\t<\/div>\n\t\t\t\t\t<\/div>\n\t\t<\/article>\n\t\t\t\t<\/div>\n\t\t\n\t\t\t\t\t\t<\/div>\n\t\t\t\t<\/div>\n\t\t\t\t\t<\/div>\n\t\t\t\t<\/div>\n\t\t\t\t<\/div>","protected":false},"excerpt":{"rendered":"","protected":false},"author":3,"featured_media":0,"parent":0,"menu_order":0,"comment_status":"closed","ping_status":"closed","template":"","meta":{"footnotes":""},"class_list":["post-2797","page","type-page","status-publish","hentry"],"_links":{"self":[{"href":"https:\/\/gravirozas24.hu\/en\/wp-json\/wp\/v2\/pages\/2797","targetHints":{"allow":["GET"]}}],"collection":[{"href":"https:\/\/gravirozas24.hu\/en\/wp-json\/wp\/v2\/pages"}],"about":[{"href":"https:\/\/gravirozas24.hu\/en\/wp-json\/wp\/v2\/types\/page"}],"author":[{"embeddable":true,"href":"https:\/\/gravirozas24.hu\/en\/wp-json\/wp\/v2\/users\/3"}],"replies":[{"embeddable":true,"href":"https:\/\/gravirozas24.hu\/en\/wp-json\/wp\/v2\/comments?post=2797"}],"version-history":[{"count":28,"href":"https:\/\/gravirozas24.hu\/en\/wp-json\/wp\/v2\/pages\/2797\/revisions"}],"predecessor-version":[{"id":2872,"href":"https:\/\/gravirozas24.hu\/en\/wp-json\/wp\/v2\/pages\/2797\/revisions\/2872"}],"wp:attachment":[{"href":"https:\/\/gravirozas24.hu\/en\/wp-json\/wp\/v2\/media?parent=2797"}],"curies":[{"name":"wp","href":"https:\/\/api.w.org\/{rel}","templated":true}]}}