{"id":5247,"date":"2025-07-22T07:13:33","date_gmt":"2025-07-22T07:13:33","guid":{"rendered":"https:\/\/gravirozas24.hu\/?page_id=5247"},"modified":"2026-03-08T07:56:26","modified_gmt":"2026-03-08T07:56:26","slug":"egyedi-italok","status":"publish","type":"page","link":"https:\/\/gravirozas24.hu\/en\/egyedi-italok\/","title":{"rendered":"Egyedi italok"},"content":{"rendered":"<div data-elementor-type=\"wp-page\" data-elementor-id=\"5247\" class=\"elementor elementor-5247\" data-elementor-post-type=\"page\">\n\t\t\t\t<div class=\"elementor-element elementor-element-a84c5d0 e-flex e-con-boxed e-con e-parent\" data-id=\"a84c5d0\" data-element_type=\"container\" data-e-type=\"container\" data-settings=\"{&quot;background_background&quot;:&quot;classic&quot;}\">\n\t\t\t\t\t<div class=\"e-con-inner\">\n\t\t\t\t\t<\/div>\n\t\t\t\t<\/div>\n\t\t<div class=\"elementor-element elementor-element-35a768a e-flex e-con-boxed e-con e-parent\" data-id=\"35a768a\" data-element_type=\"container\" data-e-type=\"container\">\n\t\t\t\t\t<div class=\"e-con-inner\">\n\t\t<div class=\"elementor-element elementor-element-3bdec8b e-con-full e-flex e-con e-child\" data-id=\"3bdec8b\" data-element_type=\"container\" data-e-type=\"container\">\n\t\t<div class=\"elementor-element elementor-element-61318cd e-con-full e-flex e-con e-child\" data-id=\"61318cd\" data-element_type=\"container\" data-e-type=\"container\">\n\t\t<div class=\"elementor-element elementor-element-f3902f5 e-con-full e-flex e-con e-child\" data-id=\"f3902f5\" data-element_type=\"container\" data-e-type=\"container\">\n\t\t\t\t<div class=\"elementor-element elementor-element-5fc72f8 elementor-widget elementor-widget-text-editor\" data-id=\"5fc72f8\" data-element_type=\"widget\" data-e-type=\"widget\" data-widget_type=\"text-editor.default\">\n\t\t\t\t<div class=\"elementor-widget-container\">\n\t\t\t\t\t\t\t\t\t<p>Exkluz\u00edv Aj\u00e1nd\u00e9kok c\u00e9geknek \u00e9s mag\u00e1nszem\u00e9lyeknek<\/p>\t\t\t\t\t\t\t\t<\/div>\n\t\t\t\t<\/div>\n\t\t\t\t<div class=\"elementor-element elementor-element-c83a3ab elementor-widget elementor-widget-text-editor\" data-id=\"c83a3ab\" data-element_type=\"widget\" data-e-type=\"widget\" data-widget_type=\"text-editor.default\">\n\t\t\t\t<div class=\"elementor-widget-container\">\n\t\t\t\t\t\t\t\t\t<p><strong>Szerezz maradand\u00f3 eml\u00e9ket<\/strong> egy egyedi, <span class=\"notion-enable-hover\" data-token-index=\"1\">m\u00e9lygrav\u00edroz\u00e1ssal<\/span> ell\u00e1tott pr\u00e9mium borral, whiskyvel vagy p\u00e1link\u00e1val! Az italpalackra k\u00f6zvetlen\u00fcl grav\u00edrozott <span class=\"notion-enable-hover\" data-token-index=\"3\">c\u00e9ges log\u00f3, szem\u00e9lyes \u00fczenet, n\u00e9v vagy ak\u00e1r egyedi design<\/span> azonnal kiemeli az aj\u00e1nd\u00e9kot a t\u00f6bbi k\u00f6z\u00fcl, \u00e9s m\u00e9lt\u00f3 m\u00f3dja a megbecs\u00fcl\u00e9s kifejez\u00e9s\u00e9nek. Ez nem csup\u00e1n egy ital, hanem egy gondosan \u00f6ssze\u00e1ll\u00edtott, szem\u00e9lyes \u00e9lm\u00e9ny.<\/p>\t\t\t\t\t\t\t\t<\/div>\n\t\t\t\t<\/div>\n\t\t\t\t<div class=\"elementor-element elementor-element-118166d elementor-widget elementor-widget-text-editor\" data-id=\"118166d\" data-element_type=\"widget\" data-e-type=\"widget\" data-widget_type=\"text-editor.default\">\n\t\t\t\t<div class=\"elementor-widget-container\">\n\t\t\t\t\t\t\t\t\t<p>Ezek <strong>a term\u00e9kek egyedi jellemz\u0151k szerint k\u00e9sz\u00fclnek<\/strong>, ez\u00e9rt csak egy egyedi, a term\u00e9kre jellemz\u0151 megrendel\u0151 \u0171rlapon lehet \u0151ket megrendelni, aminek <strong>a pontos\u00edt\u00e1sa ut\u00e1n ker\u00fcl meg\u00e1llap\u00edt\u00e1sra a v\u00e9gleges \u00e1ruk.\u00a0<\/strong><!-- notionvc: 4bb874e1-886b-476e-a5e9-46d1ac9720c6 --><\/p>\t\t\t\t\t\t\t\t<\/div>\n\t\t\t\t<\/div>\n\t\t\t\t<\/div>\n\t\t<div class=\"elementor-element elementor-element-8fee996 e-con-full e-flex e-con e-child\" data-id=\"8fee996\" data-element_type=\"container\" data-e-type=\"container\" data-settings=\"{&quot;background_background&quot;:&quot;classic&quot;}\">\n\t\t\t\t<div class=\"elementor-element elementor-element-5707e61 elementor-widget elementor-widget-n-accordion\" data-id=\"5707e61\" data-element_type=\"widget\" data-e-type=\"widget\" data-settings=\"{&quot;default_state&quot;:&quot;all_collapsed&quot;,&quot;max_items_expended&quot;:&quot;one&quot;,&quot;n_accordion_animation_duration&quot;:{&quot;unit&quot;:&quot;ms&quot;,&quot;size&quot;:400,&quot;sizes&quot;:[]}}\" data-widget_type=\"nested-accordion.default\">\n\t\t\t\t<div class=\"elementor-widget-container\">\n\t\t\t\t\t\t\t<div class=\"e-n-accordion\" aria-label=\"Accordion. Open links with Enter or Space, close with Escape, and navigate with Arrow Keys\">\n\t\t\t\t\t\t<details id=\"e-n-accordion-item-9120\" class=\"e-n-accordion-item\" >\n\t\t\t\t<summary class=\"e-n-accordion-item-title\" data-accordion-index=\"1\" tabindex=\"0\" aria-expanded=\"false\" aria-controls=\"e-n-accordion-item-9120\" >\n\t\t\t\t\t<span class='e-n-accordion-item-title-header'><div class=\"e-n-accordion-item-title-text\"> Rendel\u00e9si folyamat - Egyszer\u0171 \u00e9s gyors <\/div><\/span>\n\t\t\t\t\t\t\t<span class='e-n-accordion-item-title-icon'>\n\t\t\t<span class='e-opened' ><svg aria-hidden=\"true\" class=\"e-font-icon-svg e-fas-chevron-circle-up\" viewbox=\"0 0 512 512\" xmlns=\"http:\/\/www.w3.org\/2000\/svg\"><path d=\"M8 256C8 119 119 8 256 8s248 111 248 248-111 248-248 248S8 393 8 256zm231-113.9L103.5 277.6c-9.4 9.4-9.4 24.6 0 33.9l17 17c9.4 9.4 24.6 9.4 33.9 0L256 226.9l101.6 101.6c9.4 9.4 24.6 9.4 33.9 0l17-17c9.4-9.4 9.4-24.6 0-33.9L273 142.1c-9.4-9.4-24.6-9.4-34 0z\"><\/path><\/svg><\/span>\n\t\t\t<span class='e-closed'><svg aria-hidden=\"true\" class=\"e-font-icon-svg e-fas-chevron-circle-down\" viewbox=\"0 0 512 512\" xmlns=\"http:\/\/www.w3.org\/2000\/svg\"><path d=\"M504 256c0 137-111 248-248 248S8 393 8 256 119 8 256 8s248 111 248 248zM273 369.9l135.5-135.5c9.4-9.4 9.4-24.6 0-33.9l-17-17c-9.4-9.4-24.6-9.4-33.9 0L256 285.1 154.4 183.5c-9.4-9.4-24.6-9.4-33.9 0l-17 17c-9.4 9.4-9.4 24.6 0 33.9L239 369.9c9.4 9.4 24.6 9.4 34 0z\"><\/path><\/svg><\/span>\n\t\t<\/span>\n\n\t\t\t\t\t\t<\/summary>\n\t\t\t\t<div role=\"region\" aria-labelledby=\"e-n-accordion-item-9120\" class=\"elementor-element elementor-element-add5cc5 e-con-full e-flex e-con e-child\" data-id=\"add5cc5\" data-element_type=\"container\" data-e-type=\"container\">\n\t\t<div role=\"region\" aria-labelledby=\"e-n-accordion-item-9120\" class=\"elementor-element elementor-element-86eaa22 e-con-full e-flex e-con e-child\" data-id=\"86eaa22\" data-element_type=\"container\" data-e-type=\"container\">\n\t\t<div role=\"region\" aria-labelledby=\"e-n-accordion-item-9120\" class=\"elementor-element elementor-element-bd77aad e-con-full e-flex e-con e-child\" data-id=\"bd77aad\" data-element_type=\"container\" data-e-type=\"container\" data-settings=\"{&quot;background_background&quot;:&quot;classic&quot;}\">\n\t\t\t\t<div class=\"elementor-element elementor-element-368fb81 elementor-widget elementor-widget-text-editor\" data-id=\"368fb81\" data-element_type=\"widget\" data-e-type=\"widget\" data-widget_type=\"text-editor.default\">\n\t\t\t\t<div class=\"elementor-widget-container\">\n\t\t\t\t\t\t\t\t\t<p class=\"gmail-\">1. T\u00f6ltsd ki a term\u00e9k megrendel\u0151 \u0171rlapot az adataiddal!<\/p>\t\t\t\t\t\t\t\t<\/div>\n\t\t\t\t<\/div>\n\t\t\t\t<\/div>\n\t\t<div role=\"region\" aria-labelledby=\"e-n-accordion-item-9120\" class=\"elementor-element elementor-element-4bee0b8 e-con-full e-flex e-con e-child\" data-id=\"4bee0b8\" data-element_type=\"container\" data-e-type=\"container\" data-settings=\"{&quot;background_background&quot;:&quot;classic&quot;}\">\n\t\t\t\t<div class=\"elementor-element elementor-element-828873f elementor-widget elementor-widget-text-editor\" data-id=\"828873f\" data-element_type=\"widget\" data-e-type=\"widget\" data-widget_type=\"text-editor.default\">\n\t\t\t\t<div class=\"elementor-widget-container\">\n\t\t\t\t\t\t\t\t\t<p class=\"gmail-\">2. Felvessz\u00fck veled a kapcsolatot (telefonon aj\u00e1nlott a gyors \u00fcgyint\u00e9z\u00e9s \u00e9rdek\u00e9ben).<\/p>\t\t\t\t\t\t\t\t<\/div>\n\t\t\t\t<\/div>\n\t\t\t\t<\/div>\n\t\t<div role=\"region\" aria-labelledby=\"e-n-accordion-item-9120\" class=\"elementor-element elementor-element-31be8bf e-con-full e-flex e-con e-child\" data-id=\"31be8bf\" data-element_type=\"container\" data-e-type=\"container\" data-settings=\"{&quot;background_background&quot;:&quot;classic&quot;}\">\n\t\t\t\t<div class=\"elementor-element elementor-element-06367f6 elementor-widget elementor-widget-text-editor\" data-id=\"06367f6\" data-element_type=\"widget\" data-e-type=\"widget\" data-widget_type=\"text-editor.default\">\n\t\t\t\t<div class=\"elementor-widget-container\">\n\t\t\t\t\t\t\t\t\t<p class=\"gmail-\">3. Telefonon vagy e-mailben r\u00e9szletes egyeztet\u00e9s + \u00e1raj\u00e1nlat ad\u00e1s.<\/p>\t\t\t\t\t\t\t\t<\/div>\n\t\t\t\t<\/div>\n\t\t\t\t<\/div>\n\t\t<div role=\"region\" aria-labelledby=\"e-n-accordion-item-9120\" class=\"elementor-element elementor-element-5006fec e-con-full e-flex e-con e-child\" data-id=\"5006fec\" data-element_type=\"container\" data-e-type=\"container\" data-settings=\"{&quot;background_background&quot;:&quot;classic&quot;}\">\n\t\t\t\t<div class=\"elementor-element elementor-element-764e104 elementor-widget elementor-widget-text-editor\" data-id=\"764e104\" data-element_type=\"widget\" data-e-type=\"widget\" data-widget_type=\"text-editor.default\">\n\t\t\t\t<div class=\"elementor-widget-container\">\n\t\t\t\t\t\t\t\t\t<p class=\"gmail-\">4. Fizet\u00e9s el\u0151re utal\u00e1ssal a teljes \u00f6sszegben.<\/p>\t\t\t\t\t\t\t\t<\/div>\n\t\t\t\t<\/div>\n\t\t\t\t<\/div>\n\t\t<div role=\"region\" aria-labelledby=\"e-n-accordion-item-9120\" class=\"elementor-element elementor-element-84b1794 e-con-full e-flex e-con e-child\" data-id=\"84b1794\" data-element_type=\"container\" data-e-type=\"container\" data-settings=\"{&quot;background_background&quot;:&quot;classic&quot;}\">\n\t\t\t\t<div class=\"elementor-element elementor-element-3311578 elementor-widget elementor-widget-text-editor\" data-id=\"3311578\" data-element_type=\"widget\" data-e-type=\"widget\" data-widget_type=\"text-editor.default\">\n\t\t\t\t<div class=\"elementor-widget-container\">\n\t\t\t\t\t\t\t\t\t<p class=\"gmail-\">5. L\u00e1tv\u00e1nyterv k\u00e9sz\u00edt\u00e9se \u00e9s j\u00f3v\u00e1hagy\u00e1sa (m\u00f3dos\u00edt\u00e1si lehet\u0151s\u00e9ggel).<\/p>\t\t\t\t\t\t\t\t<\/div>\n\t\t\t\t<\/div>\n\t\t\t\t<\/div>\n\t\t\t\t<\/div>\n\t\t\t\t<\/div>\n\t\t\t\t\t<\/details>\n\t\t\t\t\t<\/div>\n\t\t\t\t\t\t<\/div>\n\t\t\t\t<\/div>\n\t\t\t\t<\/div>\n\t\t\t\t<\/div>\n\t\t<div class=\"elementor-element elementor-element-8d1a1a7 e-con-full e-flex e-con e-child\" data-id=\"8d1a1a7\" data-element_type=\"container\" data-e-type=\"container\" data-settings=\"{&quot;background_background&quot;:&quot;classic&quot;}\">\n\t\t<div class=\"elementor-element elementor-element-2671cd3 e-con-full e-flex e-con e-child\" data-id=\"2671cd3\" data-element_type=\"container\" data-e-type=\"container\">\n\t\t\t\t<div class=\"elementor-element elementor-element-789cf5a elementor-position-top elementor-widget elementor-widget-image-box\" data-id=\"789cf5a\" data-element_type=\"widget\" data-e-type=\"widget\" data-widget_type=\"image-box.default\">\n\t\t\t\t<div class=\"elementor-widget-container\">\n\t\t\t\t\t<div class=\"elementor-image-box-wrapper\"><figure class=\"elementor-image-box-img\"><img fetchpriority=\"high\" decoding=\"async\" width=\"1000\" height=\"1000\" src=\"https:\/\/gravirozas24.hu\/wp-content\/uploads\/2025\/07\/20230726_203231.webp\" class=\"attachment-full size-full wp-image-5302\" alt=\"\" srcset=\"https:\/\/gravirozas24.hu\/wp-content\/uploads\/2025\/07\/20230726_203231.webp 1000w, https:\/\/gravirozas24.hu\/wp-content\/uploads\/2025\/07\/20230726_203231-300x300.webp 300w, https:\/\/gravirozas24.hu\/wp-content\/uploads\/2025\/07\/20230726_203231-150x150.webp 150w, https:\/\/gravirozas24.hu\/wp-content\/uploads\/2025\/07\/20230726_203231-768x768.webp 768w, https:\/\/gravirozas24.hu\/wp-content\/uploads\/2025\/07\/20230726_203231-12x12.webp 12w, https:\/\/gravirozas24.hu\/wp-content\/uploads\/2025\/07\/20230726_203231-600x600.webp 600w, https:\/\/gravirozas24.hu\/wp-content\/uploads\/2025\/07\/20230726_203231-100x100.webp 100w\" sizes=\"(max-width: 1000px) 100vw, 1000px\" \/><\/figure><div class=\"elementor-image-box-content\"><h3 class=\"elementor-image-box-title\">Sauska Cuv\u00e9e Vill\u00e1ny 13 egyedi grav\u00edroz\u00e1ssal<\/h3><p class=\"elementor-image-box-description\">M\u00e1rk\u00e1s sz\u00e1raz v\u00f6r\u00f6sbor egyedi festett grav\u00edroz\u00e1ssal. \n\nTedd igaz\u00e1n eml\u00e9kezetess\u00e9 az aj\u00e1nd\u00e9koz\u00e1st egy egyedi, m\u00e9lygrav\u00edrozott borral\n\n<\/p><\/div><\/div>\t\t\t\t<\/div>\n\t\t\t\t<\/div>\n\t\t\t\t<div class=\"elementor-element elementor-element-52ea1e1 elementor-widget elementor-widget-text-editor\" data-id=\"52ea1e1\" data-element_type=\"widget\" data-e-type=\"widget\" data-widget_type=\"text-editor.default\">\n\t\t\t\t<div class=\"elementor-widget-container\">\n\t\t\t\t\t\t\t\t\t<p>8490 Ft-t\u00f3l<\/p>\t\t\t\t\t\t\t\t<\/div>\n\t\t\t\t<\/div>\n\t\t\t\t<div class=\"elementor-element elementor-element-db8767e elementor-align-center elementor-widget elementor-widget-button\" data-id=\"db8767e\" data-element_type=\"widget\" data-e-type=\"widget\" data-widget_type=\"button.default\">\n\t\t\t\t<div class=\"elementor-widget-container\">\n\t\t\t\t\t\t\t\t\t<div class=\"elementor-button-wrapper\">\n\t\t\t\t\t<a class=\"elementor-button elementor-button-link elementor-size-sm\" href=\"https:\/\/gravirozas24.hu\/bor-2\">\n\t\t\t\t\t\t<span class=\"elementor-button-content-wrapper\">\n\t\t\t\t\t\t\t\t\t<span class=\"elementor-button-text\">Megrendelem<\/span>\n\t\t\t\t\t<\/span>\n\t\t\t\t\t<\/a>\n\t\t\t\t<\/div>\n\t\t\t\t\t\t\t\t<\/div>\n\t\t\t\t<\/div>\n\t\t\t\t<\/div>\n\t\t<div class=\"elementor-element elementor-element-72ed5ff e-con-full e-flex e-con e-child\" data-id=\"72ed5ff\" data-element_type=\"container\" data-e-type=\"container\">\n\t\t\t\t<div class=\"elementor-element elementor-element-5ad893e elementor-position-top elementor-widget elementor-widget-image-box\" data-id=\"5ad893e\" data-element_type=\"widget\" data-e-type=\"widget\" data-widget_type=\"image-box.default\">\n\t\t\t\t<div class=\"elementor-widget-container\">\n\t\t\t\t\t<div class=\"elementor-image-box-wrapper\"><figure class=\"elementor-image-box-img\"><img decoding=\"async\" width=\"1000\" height=\"1000\" src=\"https:\/\/gravirozas24.hu\/wp-content\/uploads\/2025\/07\/pezsgo-all.webp\" class=\"attachment-full size-full wp-image-5447\" alt=\"\" srcset=\"https:\/\/gravirozas24.hu\/wp-content\/uploads\/2025\/07\/pezsgo-all.webp 1000w, https:\/\/gravirozas24.hu\/wp-content\/uploads\/2025\/07\/pezsgo-all-300x300.webp 300w, https:\/\/gravirozas24.hu\/wp-content\/uploads\/2025\/07\/pezsgo-all-150x150.webp 150w, https:\/\/gravirozas24.hu\/wp-content\/uploads\/2025\/07\/pezsgo-all-768x768.webp 768w, https:\/\/gravirozas24.hu\/wp-content\/uploads\/2025\/07\/pezsgo-all-12x12.webp 12w, https:\/\/gravirozas24.hu\/wp-content\/uploads\/2025\/07\/pezsgo-all-600x600.webp 600w, https:\/\/gravirozas24.hu\/wp-content\/uploads\/2025\/07\/pezsgo-all-100x100.webp 100w\" sizes=\"(max-width: 1000px) 100vw, 1000px\" \/><\/figure><div class=\"elementor-image-box-content\"><h3 class=\"elementor-image-box-title\">Pr\u00e9mium pezsg\u0151k egyedi grav\u00edroz\u00e1ssal<\/h3><p class=\"elementor-image-box-description\">\u00dcnnepek \u00e9s k\u00fcl\u00f6nleges alkalmak elengedhetetlen kell\u00e9ke. Cs\u00facsmin\u0151s\u00e9g\u0171 pezsg\u0151k egyedi grav\u00edroz\u00e1ssal<\/p><\/div><\/div>\t\t\t\t<\/div>\n\t\t\t\t<\/div>\n\t\t\t\t<div class=\"elementor-element elementor-element-74f2d0b elementor-widget elementor-widget-text-editor\" data-id=\"74f2d0b\" data-element_type=\"widget\" data-e-type=\"widget\" data-widget_type=\"text-editor.default\">\n\t\t\t\t<div class=\"elementor-widget-container\">\n\t\t\t\t\t\t\t\t\t<p>6490 Ft-t\u00f3l<\/p>\t\t\t\t\t\t\t\t<\/div>\n\t\t\t\t<\/div>\n\t\t\t\t<div class=\"elementor-element elementor-element-2ebf2c0 elementor-align-center elementor-widget elementor-widget-button\" data-id=\"2ebf2c0\" data-element_type=\"widget\" data-e-type=\"widget\" data-widget_type=\"button.default\">\n\t\t\t\t<div class=\"elementor-widget-container\">\n\t\t\t\t\t\t\t\t\t<div class=\"elementor-button-wrapper\">\n\t\t\t\t\t<a class=\"elementor-button elementor-button-link elementor-size-sm\" href=\"https:\/\/gravirozas24.hu\/pezsgo\">\n\t\t\t\t\t\t<span class=\"elementor-button-content-wrapper\">\n\t\t\t\t\t\t\t\t\t<span class=\"elementor-button-text\">Megrendelem<\/span>\n\t\t\t\t\t<\/span>\n\t\t\t\t\t<\/a>\n\t\t\t\t<\/div>\n\t\t\t\t\t\t\t\t<\/div>\n\t\t\t\t<\/div>\n\t\t\t\t<\/div>\n\t\t<div class=\"elementor-element elementor-element-95e1e19 e-con-full e-flex e-con e-child\" data-id=\"95e1e19\" data-element_type=\"container\" data-e-type=\"container\">\n\t\t\t\t<div class=\"elementor-element elementor-element-0e60216 elementor-position-top elementor-widget elementor-widget-image-box\" data-id=\"0e60216\" data-element_type=\"widget\" data-e-type=\"widget\" data-widget_type=\"image-box.default\">\n\t\t\t\t<div class=\"elementor-widget-container\">\n\t\t\t\t\t<div class=\"elementor-image-box-wrapper\"><figure class=\"elementor-image-box-img\"><img decoding=\"async\" width=\"1000\" height=\"1000\" src=\"https:\/\/gravirozas24.hu\/wp-content\/uploads\/2025\/07\/plinka-thumb.webp\" class=\"attachment-full size-full wp-image-5464\" alt=\"\" srcset=\"https:\/\/gravirozas24.hu\/wp-content\/uploads\/2025\/07\/plinka-thumb.webp 1000w, https:\/\/gravirozas24.hu\/wp-content\/uploads\/2025\/07\/plinka-thumb-300x300.webp 300w, https:\/\/gravirozas24.hu\/wp-content\/uploads\/2025\/07\/plinka-thumb-150x150.webp 150w, https:\/\/gravirozas24.hu\/wp-content\/uploads\/2025\/07\/plinka-thumb-768x768.webp 768w, https:\/\/gravirozas24.hu\/wp-content\/uploads\/2025\/07\/plinka-thumb-12x12.webp 12w, https:\/\/gravirozas24.hu\/wp-content\/uploads\/2025\/07\/plinka-thumb-600x600.webp 600w, https:\/\/gravirozas24.hu\/wp-content\/uploads\/2025\/07\/plinka-thumb-100x100.webp 100w\" sizes=\"(max-width: 1000px) 100vw, 1000px\" \/><\/figure><div class=\"elementor-image-box-content\"><h3 class=\"elementor-image-box-title\">\u00c1rp\u00e1d dupla\u00e1gyas p\u00e1linka egyedi grav\u00edroz\u00e1ssal<\/h3><p class=\"elementor-image-box-description\">Az ikonikus t\u00e9gla alak\u00fa 60\u00b0-os \u00c1rp\u00e1d p\u00e1linka t\u00f6k\u00e9letes v\u00e1laszt\u00e1s egyedi aj\u00e1nd\u00e9kk\u00e9nt. A m\u00e9lygrav\u00edrozott felirat festhet\u0151, \u00edgy exkluz\u00edv megjelen\u00e9st k\u00f6lcs\u00f6n\u00f6z az italnak.<\/p><\/div><\/div>\t\t\t\t<\/div>\n\t\t\t\t<\/div>\n\t\t\t\t<div class=\"elementor-element elementor-element-c42d467 elementor-widget elementor-widget-text-editor\" data-id=\"c42d467\" data-element_type=\"widget\" data-e-type=\"widget\" data-widget_type=\"text-editor.default\">\n\t\t\t\t<div class=\"elementor-widget-container\">\n\t\t\t\t\t\t\t\t\t<p>16 890 Ft-t\u00f3l<\/p>\t\t\t\t\t\t\t\t<\/div>\n\t\t\t\t<\/div>\n\t\t\t\t<div class=\"elementor-element elementor-element-0381609 elementor-align-center elementor-widget elementor-widget-button\" data-id=\"0381609\" data-element_type=\"widget\" data-e-type=\"widget\" data-widget_type=\"button.default\">\n\t\t\t\t<div class=\"elementor-widget-container\">\n\t\t\t\t\t\t\t\t\t<div class=\"elementor-button-wrapper\">\n\t\t\t\t\t<a class=\"elementor-button elementor-button-link elementor-size-sm\" href=\"https:\/\/gravirozas24.hu\/palinka\">\n\t\t\t\t\t\t<span class=\"elementor-button-content-wrapper\">\n\t\t\t\t\t\t\t\t\t<span class=\"elementor-button-text\">Megrendelem<\/span>\n\t\t\t\t\t<\/span>\n\t\t\t\t\t<\/a>\n\t\t\t\t<\/div>\n\t\t\t\t\t\t\t\t<\/div>\n\t\t\t\t<\/div>\n\t\t\t\t<\/div>\n\t\t\t\t<\/div>\n\t\t<div class=\"elementor-element elementor-element-4f25b11 e-con-full e-flex e-con e-child\" data-id=\"4f25b11\" data-element_type=\"container\" data-e-type=\"container\" data-settings=\"{&quot;background_background&quot;:&quot;classic&quot;}\">\n\t\t<div class=\"elementor-element elementor-element-c98e270 e-con-full e-flex e-con e-child\" data-id=\"c98e270\" data-element_type=\"container\" data-e-type=\"container\">\n\t\t\t\t<div class=\"elementor-element elementor-element-a28a2a4 elementor-position-top elementor-widget elementor-widget-image-box\" data-id=\"a28a2a4\" data-element_type=\"widget\" data-e-type=\"widget\" data-widget_type=\"image-box.default\">\n\t\t\t\t<div class=\"elementor-widget-container\">\n\t\t\t\t\t<div class=\"elementor-image-box-wrapper\"><figure class=\"elementor-image-box-img\"><img loading=\"lazy\" decoding=\"async\" width=\"1000\" height=\"1000\" src=\"https:\/\/gravirozas24.hu\/wp-content\/uploads\/2025\/07\/whiskey-thumb.webp\" class=\"attachment-full size-full wp-image-5463\" alt=\"\" srcset=\"https:\/\/gravirozas24.hu\/wp-content\/uploads\/2025\/07\/whiskey-thumb.webp 1000w, https:\/\/gravirozas24.hu\/wp-content\/uploads\/2025\/07\/whiskey-thumb-300x300.webp 300w, https:\/\/gravirozas24.hu\/wp-content\/uploads\/2025\/07\/whiskey-thumb-150x150.webp 150w, https:\/\/gravirozas24.hu\/wp-content\/uploads\/2025\/07\/whiskey-thumb-768x768.webp 768w, https:\/\/gravirozas24.hu\/wp-content\/uploads\/2025\/07\/whiskey-thumb-12x12.webp 12w, https:\/\/gravirozas24.hu\/wp-content\/uploads\/2025\/07\/whiskey-thumb-600x600.webp 600w, https:\/\/gravirozas24.hu\/wp-content\/uploads\/2025\/07\/whiskey-thumb-100x100.webp 100w\" sizes=\"(max-width: 1000px) 100vw, 1000px\" \/><\/figure><div class=\"elementor-image-box-content\"><h3 class=\"elementor-image-box-title\">Jack Daniel's Whiskey egyedi grav\u00edroz\u00e1ssal<\/h3><p class=\"elementor-image-box-description\">A Jack Daniel\u2019s Whisky a vil\u00e1g egyik legklasszikusabb whiskeyje, ami t\u00f6k\u00e9letes aj\u00e1nd\u00e9k minden alkalomra. Ezt mi azzal fokozzuk, hogy a Jack Daniel\u2019s log\u00f3 \u00e9s a k\u00edv\u00e1nt sz\u00f6veg m\u00e9lygrav\u00edroz\u00e1ssal ker\u00fcl a frontcimke hely\u00e9re.\n<\/p><\/div><\/div>\t\t\t\t<\/div>\n\t\t\t\t<\/div>\n\t\t\t\t<div class=\"elementor-element elementor-element-55dc687 elementor-widget elementor-widget-text-editor\" data-id=\"55dc687\" data-element_type=\"widget\" data-e-type=\"widget\" data-widget_type=\"text-editor.default\">\n\t\t\t\t<div class=\"elementor-widget-container\">\n\t\t\t\t\t\t\t\t\t<p>13 490 Ft-t\u00f3l<\/p>\t\t\t\t\t\t\t\t<\/div>\n\t\t\t\t<\/div>\n\t\t\t\t<div class=\"elementor-element elementor-element-169b39c elementor-align-center elementor-widget elementor-widget-button\" data-id=\"169b39c\" data-element_type=\"widget\" data-e-type=\"widget\" data-widget_type=\"button.default\">\n\t\t\t\t<div class=\"elementor-widget-container\">\n\t\t\t\t\t\t\t\t\t<div class=\"elementor-button-wrapper\">\n\t\t\t\t\t<a class=\"elementor-button elementor-button-link elementor-size-sm\" href=\"https:\/\/gravirozas24.hu\/whiskey-2\">\n\t\t\t\t\t\t<span class=\"elementor-button-content-wrapper\">\n\t\t\t\t\t\t\t\t\t<span class=\"elementor-button-text\">Megrendelem<\/span>\n\t\t\t\t\t<\/span>\n\t\t\t\t\t<\/a>\n\t\t\t\t<\/div>\n\t\t\t\t\t\t\t\t<\/div>\n\t\t\t\t<\/div>\n\t\t\t\t<\/div>\n\t\t<div class=\"elementor-element elementor-element-bb65c1f e-con-full e-flex e-con e-child\" data-id=\"bb65c1f\" data-element_type=\"container\" data-e-type=\"container\">\n\t\t\t\t<\/div>\n\t\t<div class=\"elementor-element elementor-element-260b635 e-con-full e-flex e-con e-child\" data-id=\"260b635\" data-element_type=\"container\" data-e-type=\"container\">\n\t\t\t\t<\/div>\n\t\t\t\t<\/div>\n\t\t\t\t<\/div>\n\t\t\t\t\t<\/div>\n\t\t\t\t<\/div>\n\t\t\t\t<\/div>","protected":false},"excerpt":{"rendered":"<p>Exkluz\u00edv Aj\u00e1nd\u00e9kok c\u00e9geknek \u00e9s mag\u00e1nszem\u00e9lyeknek Szerezz maradand\u00f3 eml\u00e9ket egy egyedi, m\u00e9lygrav\u00edroz\u00e1ssal ell\u00e1tott pr\u00e9mium borral, whiskyvel vagy p\u00e1link\u00e1val! Az italpalackra k\u00f6zvetlen\u00fcl grav\u00edrozott c\u00e9ges log\u00f3, szem\u00e9lyes \u00fczenet, n\u00e9v vagy ak\u00e1r egyedi design azonnal kiemeli az aj\u00e1nd\u00e9kot a t\u00f6bbi k\u00f6z\u00fcl, \u00e9s m\u00e9lt\u00f3 m\u00f3dja a megbecs\u00fcl\u00e9s kifejez\u00e9s\u00e9nek. Ez nem csup\u00e1n egy ital, hanem egy gondosan \u00f6ssze\u00e1ll\u00edtott, szem\u00e9lyes \u00e9lm\u00e9ny. Ezek [&hellip;]<\/p>\n","protected":false},"author":3,"featured_media":0,"parent":0,"menu_order":0,"comment_status":"closed","ping_status":"closed","template":"","meta":{"footnotes":""},"class_list":["post-5247","page","type-page","status-publish","hentry"],"_links":{"self":[{"href":"https:\/\/gravirozas24.hu\/en\/wp-json\/wp\/v2\/pages\/5247","targetHints":{"allow":["GET"]}}],"collection":[{"href":"https:\/\/gravirozas24.hu\/en\/wp-json\/wp\/v2\/pages"}],"about":[{"href":"https:\/\/gravirozas24.hu\/en\/wp-json\/wp\/v2\/types\/page"}],"author":[{"embeddable":true,"href":"https:\/\/gravirozas24.hu\/en\/wp-json\/wp\/v2\/users\/3"}],"replies":[{"embeddable":true,"href":"https:\/\/gravirozas24.hu\/en\/wp-json\/wp\/v2\/comments?post=5247"}],"version-history":[{"count":83,"href":"https:\/\/gravirozas24.hu\/en\/wp-json\/wp\/v2\/pages\/5247\/revisions"}],"predecessor-version":[{"id":6607,"href":"https:\/\/gravirozas24.hu\/en\/wp-json\/wp\/v2\/pages\/5247\/revisions\/6607"}],"wp:attachment":[{"href":"https:\/\/gravirozas24.hu\/en\/wp-json\/wp\/v2\/media?parent=5247"}],"curies":[{"name":"wp","href":"https:\/\/api.w.org\/{rel}","templated":true}]}}