{"id":2380,"date":"2024-04-16T13:52:31","date_gmt":"2024-04-16T13:52:31","guid":{"rendered":"https:\/\/gravirozas24.hu\/?post_type=product&#038;p=2380"},"modified":"2026-03-08T08:06:20","modified_gmt":"2026-03-08T08:06:20","slug":"nevreszolo-horoszkopos-whiskys-pohar","status":"publish","type":"product","link":"https:\/\/gravirozas24.hu\/en\/product\/nevreszolo-horoszkopos-whiskys-pohar\/","title":{"rendered":"N\u00e9vresz\u00f3l\u00f3 Horoszk\u00f3pos Whiskys poh\u00e1r"},"content":{"rendered":"<div>\n<div class=\"elementor-element elementor-element-b737234 elementor-widget elementor-widget-jet-single-content\">\n<div class=\"elementor-widget-container\">\n<div class=\"elementor-jet-single-content gmail-jet-woo-builder\">\n<div class=\"gmail-jet-single-content\">\n<div class=\"gmail-product\">\n<p>Egyedi technol\u00f3gi\u00e1val k\u00e9sz\u00edtett n\u00e9vresz\u00f3l\u00f3, m\u00e9lygrav\u00edrozott whiskys poh\u00e1r, amely nemcsak l\u00e1tv\u00e1nyban, hanem tapint\u00e1sra is egy 3D-s \u00e9lm\u00e9nyt ny\u00fajt. Ez <strong>a Whiskys poh\u00e1r k\u00e9tf\u00e9le garav\u00edroz\u00e1si t\u00edpussal k\u00e9sz\u00fcl<\/strong>, amelyek egy m\u00e9ly \u00e9s eleg\u00e1ns \u00e1tmenettel vannak elhat\u00e1rolva egym\u00e1st\u00f3l.<\/p>\n<\/div>\n<\/div>\n<\/div>\n<\/div>\n<\/div>\n<\/div>\n<div>\n<p><strong>Az egyik oldal\u00e1n az \u00c1ltalad kiv\u00e1lasztott csillagjegy<\/strong> Inverz- m\u00e9ly (kifel\u00e9 domborod\u00f3 \u00e1tl\u00e1tsz\u00f3 minta \u00e9s matt fel\u00fclet) grav\u00edroz\u00e1ssal. <strong>A m\u00e1sik oldal\u00e1n az \u00e1ltalad v\u00e1lasztott n\u00e9v<\/strong> m\u00e9ly grav\u00edroz\u00e1ssal.<\/p>\n<\/div>\n<p><!-- notionvc: dce1afa2-7d78-45ed-81a2-946ca7f5d510 --><\/p>","protected":false},"excerpt":{"rendered":"<p>Egy rendk\u00edv\u00fcl l\u00e1tv\u00e1nyos \u00e9s tapint\u00e1sra is leny\u0171g\u00f6z\u0151 3D \u00e9lm\u00e9nyt ad\u00f3 \u00f6ssze\u00e1ll\u00edt\u00e1s.<br \/>\n<!-- notionvc: 77bcc462-173e-489e-8fd9-245180a67899 --><\/p>","protected":false},"featured_media":6370,"comment_status":"closed","ping_status":"closed","template":"","meta":[],"product_brand":[],"product_cat":[75,76,26],"product_tag":[79],"class_list":{"0":"post-2380","1":"product","2":"type-product","3":"status-publish","4":"has-post-thumbnail","6":"product_cat-inverz","7":"product_cat-melygravirozott","8":"product_cat-whiskys-pohar","9":"product_tag-horoszkopos","11":"first","12":"instock","13":"sale","14":"shipping-taxable","15":"purchasable","16":"product-type-simple"},"_links":{"self":[{"href":"https:\/\/gravirozas24.hu\/en\/wp-json\/wp\/v2\/product\/2380","targetHints":{"allow":["GET"]}}],"collection":[{"href":"https:\/\/gravirozas24.hu\/en\/wp-json\/wp\/v2\/product"}],"about":[{"href":"https:\/\/gravirozas24.hu\/en\/wp-json\/wp\/v2\/types\/product"}],"replies":[{"embeddable":true,"href":"https:\/\/gravirozas24.hu\/en\/wp-json\/wp\/v2\/comments?post=2380"}],"version-history":[{"count":4,"href":"https:\/\/gravirozas24.hu\/en\/wp-json\/wp\/v2\/product\/2380\/revisions"}],"predecessor-version":[{"id":6325,"href":"https:\/\/gravirozas24.hu\/en\/wp-json\/wp\/v2\/product\/2380\/revisions\/6325"}],"wp:featuredmedia":[{"embeddable":true,"href":"https:\/\/gravirozas24.hu\/en\/wp-json\/wp\/v2\/media\/6370"}],"wp:attachment":[{"href":"https:\/\/gravirozas24.hu\/en\/wp-json\/wp\/v2\/media?parent=2380"}],"wp:term":[{"taxonomy":"product_brand","embeddable":true,"href":"https:\/\/gravirozas24.hu\/en\/wp-json\/wp\/v2\/product_brand?post=2380"},{"taxonomy":"product_cat","embeddable":true,"href":"https:\/\/gravirozas24.hu\/en\/wp-json\/wp\/v2\/product_cat?post=2380"},{"taxonomy":"product_tag","embeddable":true,"href":"https:\/\/gravirozas24.hu\/en\/wp-json\/wp\/v2\/product_tag?post=2380"}],"curies":[{"name":"wp","href":"https:\/\/api.w.org\/{rel}","templated":true}]}}