{"id":3145,"date":"2024-09-30T12:56:25","date_gmt":"2024-09-30T12:56:25","guid":{"rendered":"https:\/\/gravirozas24.hu\/?post_type=product&#038;p=3145"},"modified":"2026-03-08T08:07:38","modified_gmt":"2026-03-08T08:07:38","slug":"whiskys-pohar-2","status":"publish","type":"product","link":"https:\/\/gravirozas24.hu\/en\/product\/whiskys-pohar-2\/","title":{"rendered":"Whiskys poh\u00e1r"},"content":{"rendered":"<p>Egyedi technol\u00f3gi\u00e1val k\u00e9sz\u00edtett m\u00e9lygrav\u00edrozott whiskys poh\u00e1r, amely nemcsak l\u00e1tv\u00e1nyban, hanem tapint\u00e1sra is egy 3D-s \u00e9lm\u00e9nyt ny\u00fajt.<\/p>\n<p>Ez a speci\u00e1lis grav\u00edroz\u00e1s \u00e9les kont\u00farokat \u00e9s homog\u00e9n fel\u00fcletet eredm\u00e9nyez.<\/p>\n<p><!-- notionvc: 7f4a2b53-ba64-4f61-b389-2a3ac32054d6 --><\/p>","protected":false},"excerpt":{"rendered":"<p>Inverz- m\u00e9ly grav\u00edroz\u00e1ssal k\u00e9sz\u00fclt poh\u00e1r egyedi felirattal<\/p>\n<p>(Matt\u00edtott poh\u00e1r \u00e9s kifel\u00e9 \u00e1ll\u00f3 m\u00e9ly, matt\u00edtott log\u00f3\/felirat)<\/p>","protected":false},"featured_media":3146,"comment_status":"closed","ping_status":"closed","template":"","meta":[],"product_brand":[],"product_cat":[75,26],"product_tag":[],"class_list":{"0":"post-3145","1":"product","2":"type-product","3":"status-publish","4":"has-post-thumbnail","6":"product_cat-inverz","7":"product_cat-whiskys-pohar","9":"first","10":"instock","11":"shipping-taxable","12":"purchasable","13":"product-type-simple"},"_links":{"self":[{"href":"https:\/\/gravirozas24.hu\/en\/wp-json\/wp\/v2\/product\/3145","targetHints":{"allow":["GET"]}}],"collection":[{"href":"https:\/\/gravirozas24.hu\/en\/wp-json\/wp\/v2\/product"}],"about":[{"href":"https:\/\/gravirozas24.hu\/en\/wp-json\/wp\/v2\/types\/product"}],"replies":[{"embeddable":true,"href":"https:\/\/gravirozas24.hu\/en\/wp-json\/wp\/v2\/comments?post=3145"}],"version-history":[{"count":2,"href":"https:\/\/gravirozas24.hu\/en\/wp-json\/wp\/v2\/product\/3145\/revisions"}],"predecessor-version":[{"id":3168,"href":"https:\/\/gravirozas24.hu\/en\/wp-json\/wp\/v2\/product\/3145\/revisions\/3168"}],"wp:featuredmedia":[{"embeddable":true,"href":"https:\/\/gravirozas24.hu\/en\/wp-json\/wp\/v2\/media\/3146"}],"wp:attachment":[{"href":"https:\/\/gravirozas24.hu\/en\/wp-json\/wp\/v2\/media?parent=3145"}],"wp:term":[{"taxonomy":"product_brand","embeddable":true,"href":"https:\/\/gravirozas24.hu\/en\/wp-json\/wp\/v2\/product_brand?post=3145"},{"taxonomy":"product_cat","embeddable":true,"href":"https:\/\/gravirozas24.hu\/en\/wp-json\/wp\/v2\/product_cat?post=3145"},{"taxonomy":"product_tag","embeddable":true,"href":"https:\/\/gravirozas24.hu\/en\/wp-json\/wp\/v2\/product_tag?post=3145"}],"curies":[{"name":"wp","href":"https:\/\/api.w.org\/{rel}","templated":true}]}}