{"id":4407,"date":"2025-02-20T08:18:36","date_gmt":"2025-02-20T08:18:36","guid":{"rendered":"https:\/\/gravirozas24.hu\/?post_type=product&#038;p=4407"},"modified":"2025-02-20T08:19:41","modified_gmt":"2025-02-20T08:19:41","slug":"boros-pohar-roka-mintaval","status":"publish","type":"product","link":"https:\/\/gravirozas24.hu\/en\/product\/boros-pohar-roka-mintaval\/","title":{"rendered":"Boros poh\u00e1r &#8211; R\u00f3ka mint\u00e1val"},"content":{"rendered":"<p>Egyedi technol\u00f3gi\u00e1val k\u00e9sz\u00edtett m\u00e9lygrav\u00edrozott boros poh\u00e1r, amely nemcsak l\u00e1tv\u00e1nyban, hanem tapint\u00e1sra is egy 3D-s \u00e9lm\u00e9nyt ny\u00fajt.<\/p>\n<p>Ez a speci\u00e1lis grav\u00edroz\u00e1s \u00e9les kont\u00farokat \u00e9s homog\u00e9n fel\u00fcletet eredm\u00e9nyez<\/p>\n<p><!-- notionvc: 7f4a2b53-ba64-4f61-b389-2a3ac32054d6 --><\/p>","protected":false},"excerpt":{"rendered":"<p>M\u00e9ly grav\u00edroz\u00e1ssal k\u00e9sz\u00fclt boros poh\u00e1r a talp\u00e1n matt\u00edtott inverse sz\u0151l\u0151 mint\u00e1val<\/p>\n<p>&nbsp;<\/p>","protected":false},"featured_media":4402,"comment_status":"closed","ping_status":"closed","template":"","meta":[],"product_brand":[],"product_cat":[28,76],"product_tag":[82],"class_list":{"0":"post-4407","1":"product","2":"type-product","3":"status-publish","4":"has-post-thumbnail","6":"product_cat-boros-pohar","7":"product_cat-melygravirozott","8":"product_tag-vadasz","10":"first","11":"instock","12":"shipping-taxable","13":"purchasable","14":"product-type-simple"},"_links":{"self":[{"href":"https:\/\/gravirozas24.hu\/en\/wp-json\/wp\/v2\/product\/4407","targetHints":{"allow":["GET"]}}],"collection":[{"href":"https:\/\/gravirozas24.hu\/en\/wp-json\/wp\/v2\/product"}],"about":[{"href":"https:\/\/gravirozas24.hu\/en\/wp-json\/wp\/v2\/types\/product"}],"replies":[{"embeddable":true,"href":"https:\/\/gravirozas24.hu\/en\/wp-json\/wp\/v2\/comments?post=4407"}],"version-history":[{"count":1,"href":"https:\/\/gravirozas24.hu\/en\/wp-json\/wp\/v2\/product\/4407\/revisions"}],"predecessor-version":[{"id":4408,"href":"https:\/\/gravirozas24.hu\/en\/wp-json\/wp\/v2\/product\/4407\/revisions\/4408"}],"wp:featuredmedia":[{"embeddable":true,"href":"https:\/\/gravirozas24.hu\/en\/wp-json\/wp\/v2\/media\/4402"}],"wp:attachment":[{"href":"https:\/\/gravirozas24.hu\/en\/wp-json\/wp\/v2\/media?parent=4407"}],"wp:term":[{"taxonomy":"product_brand","embeddable":true,"href":"https:\/\/gravirozas24.hu\/en\/wp-json\/wp\/v2\/product_brand?post=4407"},{"taxonomy":"product_cat","embeddable":true,"href":"https:\/\/gravirozas24.hu\/en\/wp-json\/wp\/v2\/product_cat?post=4407"},{"taxonomy":"product_tag","embeddable":true,"href":"https:\/\/gravirozas24.hu\/en\/wp-json\/wp\/v2\/product_tag?post=4407"}],"curies":[{"name":"wp","href":"https:\/\/api.w.org\/{rel}","templated":true}]}}